{"id":9122,"date":"2026-05-12T08:52:08","date_gmt":"2026-05-12T07:52:08","guid":{"rendered":"https:\/\/vuna.ch\/?post_type=product&#038;p=9122"},"modified":"2026-05-12T12:34:23","modified_gmt":"2026-05-12T11:34:23","slug":"une-autre-histoire-des-excrements-livre","status":"publish","type":"product","link":"https:\/\/vuna.ch\/it\/product\/unaltra-storia-degli-escrementi-livre\/","title":{"rendered":"Une autre histoire des excr\u00e9ments (libro)"},"content":{"rendered":"<p><strong> Riassunto <\/strong><\/p>\n<p>Gli escrementi umani sono stati gradualmente relegati a un tab\u00f9 collettivo, residui imbarazzanti che le societ\u00e0 moderne hanno cercato soprattutto di allontanare dalle citt\u00e0 e dai loro abitanti. Eppure, solo pochi decenni fa, erano considerati una fonte vitale di fertilizzante; sono stati infine rimpiazzati dal massiccio ricorso ai concimi di origine fossile, responsabili di gravi danni ambientali e sanitari. Questo libro ne sostiene la riabilitazione.<\/p>\n<p>Ripercorrendo la storia, a tratti bizzarra, della loro gestione da parte delle societ\u00e0 umane, Fabien Esculier dimostra che sono una risorsa cruciale per i decenni a venire. Con un approccio pedagogico, ci accompagna in questa storia parallela delle nostre societ\u00e0, citt\u00e0, fiumi e campi, per mostrarci proprio quello che ci sforziamo di nascondere: le materie prodotte dai nostri corpi, di cui dobbiamo rendere conto alla terra.<\/p>\n<p><strong> Autore: <\/strong>Fabien Esculier<br \/>\n<strong> Lingua: <\/strong>francese<\/p>\n<p>ISBN 978-2-330-21892-8<\/p>","protected":false},"excerpt":{"rendered":"<p>In questo libro, Fabien Esculier ripercorre la storia degli escrementi umani, che da fertilizzante vitale si sono trasformati in un ingombrante rifiuto, ormai quasi dimenticato. L'autore sostiene la necessit\u00e0 di riconoscere gli escrementi come una risorsa essenziale per sostituire i fertilizzanti a base di combustibili fossili, dannosi per l'ambiente, e per ristabilire il nostro legame ecologico con la Terra.<\/p>","protected":false},"featured_media":9123,"template":"","meta":{"_acf_changed":false},"product_brand":[],"product_cat":[56],"product_tag":[],"class_list":{"0":"post-9122","1":"product","2":"type-product","3":"status-publish","4":"has-post-thumbnail","6":"product_cat-unkategorisiert","7":"product_shipping_class-books-and-postcards","9":"first","10":"instock","11":"taxable","12":"shipping-taxable","13":"purchasable","14":"product-type-simple"},"acf":[],"_links":{"self":[{"href":"https:\/\/vuna.ch\/it\/wp-json\/wp\/v2\/product\/9122","targetHints":{"allow":["GET"]}}],"collection":[{"href":"https:\/\/vuna.ch\/it\/wp-json\/wp\/v2\/product"}],"about":[{"href":"https:\/\/vuna.ch\/it\/wp-json\/wp\/v2\/types\/product"}],"wp:featuredmedia":[{"embeddable":true,"href":"https:\/\/vuna.ch\/it\/wp-json\/wp\/v2\/media\/9123"}],"wp:attachment":[{"href":"https:\/\/vuna.ch\/it\/wp-json\/wp\/v2\/media?parent=9122"}],"wp:term":[{"taxonomy":"product_brand","embeddable":true,"href":"https:\/\/vuna.ch\/it\/wp-json\/wp\/v2\/product_brand?post=9122"},{"taxonomy":"product_cat","embeddable":true,"href":"https:\/\/vuna.ch\/it\/wp-json\/wp\/v2\/product_cat?post=9122"},{"taxonomy":"product_tag","embeddable":true,"href":"https:\/\/vuna.ch\/it\/wp-json\/wp\/v2\/product_tag?post=9122"}],"curies":[{"name":"parola chiave","href":"https:\/\/api.w.org\/{rel}","templated":true}]}}