{"id":7809,"date":"2025-03-25T11:33:34","date_gmt":"2025-03-25T10:33:34","guid":{"rendered":"https:\/\/vuna.ch\/?post_type=product&#038;p=7809"},"modified":"2026-01-15T16:39:06","modified_gmt":"2026-01-15T15:39:06","slug":"liloo-indoor-trenntoilette","status":"publish","type":"product","link":"https:\/\/vuna.ch\/it\/product\/liloo-toilette-compostabile-interna\/","title":{"rendered":"Liloo \u2013 Toilette mobile a compostaggio"},"content":{"rendered":"<p><em>NB Il WC pu\u00f2 essere ordinato solo su richiesta. La spedizione verr\u00e0 addebitata separatamente. Contattateci per un preventivo. La consegna avviene in circa 3 settimane.<\/em><\/p>\n<p>Liloo \u00e8 stato sviluppato da Finizio per un utilizzo affidabile in casa, in giardino e in auto. In questo contesto, la prevenzione degli odori, l&#039;installazione flessibile in spazi ristretti e la funzionalit\u00e0 a lungo termine svolgono un ruolo cruciale. Soprattutto, Liloo sfrutta un ingegnoso sviluppo del sistema di drenaggio dell&#039;urina rispetto alle tradizionali toilette a compostaggio.<\/p>\n<div id=\"liloo_material_produktion\" class=\"toggle_wrap active_tc\">\n<div class=\"toggle_content invers-color\">\n<p>L'intera produzione della ciotola in acciaio inossidabile Liloo avviene in un raggio di 11 km attorno a Eberswalde (Germania). Le lamiere vengono tagliate al laser, piegate e saldate in tre diverse officine a Eberswalde. Anche la piastra di base in legno incollato con cassetto fresato \u00e8 fresata a controllo numerico in una falegnameria di Eberswalde. Il trasporto tra i siti produttivi avviene principalmente tramite e-cargo bike.<\/p>\n<\/div>\n<\/div>\n<p>incluso sistema di deviazione dell&#039;urina PeePot e attrezzatura, 3 confezioni gratuite di sacchetti compostabili (20 l)<\/p>\n<p>Vaso e corpo del water: in acciaio inossidabile, incluso drenaggio dell&#039;urina PeePot 10.4<br \/>\nSedile del water: in bamb\u00f9<br \/>\nCollegamento (3\/4&quot;): per linea urina o contenitore urina<br \/>\nCollegamento: per aria di scarico, filtro aria e\/o distributore<br \/>\nContenitore per urina: 10 l<br \/>\nContenitore solidi: 10 l; fatto di plastica; pu\u00f2 essere sigillato ermeticamente; La piastra di base del cassetto Liloo guida il contenitore nella posizione ottimale<br \/>\nKit di pulizia: pinzette e setaccio PeePot per la pulizia della grondaia PeePot<br \/>\nDocumenti: \u201cManuale\u201d per l\u2019installazione del Liloo e poster \u201cIstruzioni per l\u2019uso\u201d da appendere ai vostri ospiti<\/p>","protected":false},"excerpt":{"rendered":"<p>N.B. Die Toilette kann nur auf Rechnung bestellt werden. Der Versand wird separat berechnet. Bitte kontaktieren Sie uns f\u00fcr eine Offerte. Die Lieferung dauert ca. 3 Wochen. Die Liloo wurde f\u00fcr den zuverl\u00e4ssigen Gebrauch im Haus, Garten und Wagen von Finizio entwickelt. Hier spielen Geruchsvermeidung, flexible Installation auf engem Raum und langfristige Funktionalit\u00e4t entscheidende Rollen. [&hellip;]<\/p>","protected":false},"featured_media":7813,"template":"","meta":{"_acf_changed":false},"product_brand":[],"product_cat":[208],"product_tag":[],"class_list":{"0":"post-7809","1":"product","2":"type-product","3":"status-publish","4":"has-post-thumbnail","6":"product_cat-trockentoiletten","7":"product_shipping_class-custom-more-31-kg","9":"first","10":"instock","11":"taxable","12":"shipping-taxable","13":"purchasable","14":"product-type-simple"},"acf":[],"_links":{"self":[{"href":"https:\/\/vuna.ch\/it\/wp-json\/wp\/v2\/product\/7809","targetHints":{"allow":["GET"]}}],"collection":[{"href":"https:\/\/vuna.ch\/it\/wp-json\/wp\/v2\/product"}],"about":[{"href":"https:\/\/vuna.ch\/it\/wp-json\/wp\/v2\/types\/product"}],"wp:featuredmedia":[{"embeddable":true,"href":"https:\/\/vuna.ch\/it\/wp-json\/wp\/v2\/media\/7813"}],"wp:attachment":[{"href":"https:\/\/vuna.ch\/it\/wp-json\/wp\/v2\/media?parent=7809"}],"wp:term":[{"taxonomy":"product_brand","embeddable":true,"href":"https:\/\/vuna.ch\/it\/wp-json\/wp\/v2\/product_brand?post=7809"},{"taxonomy":"product_cat","embeddable":true,"href":"https:\/\/vuna.ch\/it\/wp-json\/wp\/v2\/product_cat?post=7809"},{"taxonomy":"product_tag","embeddable":true,"href":"https:\/\/vuna.ch\/it\/wp-json\/wp\/v2\/product_tag?post=7809"}],"curies":[{"name":"parola chiave","href":"https:\/\/api.w.org\/{rel}","templated":true}]}}