{"id":433,"date":"2025-03-18T23:36:06","date_gmt":"2025-03-18T22:36:06","guid":{"rendered":"https:\/\/wp.vuna.ch\/?post_type=product&#038;p=433"},"modified":"2026-01-15T16:37:38","modified_gmt":"2026-01-15T15:37:38","slug":"pflanzenkohle-1-2-m3-big-bag","status":"publish","type":"product","link":"https:\/\/vuna.ch\/it\/product\/biochar-1-sacco-grande-da-2-m3\/","title":{"rendered":"Biochar 1,2 m3 Big Bag"},"content":{"rendered":"<p>L&#039;integratore ideale di Aurin per il substrato delle tue piante. Mescolato al terriccio, il biochar agisce come una spugna e immagazzina acqua e sostanze nutritive.<\/p>\n<p>Disponibili diverse granulometrie<\/p>\n<p>Prezzo comprensivo di consegna<\/p>","protected":false},"excerpt":{"rendered":"<p>Die ideale Erg\u00e4nzung zu Aurin f\u00fcr das Substrat Ihrer Pflanzen. Vermischt mit Pflanzenerde wirkt die Pflanzenkohle\u00a0wie ein Schwamm und speichert Wasser und N\u00e4hrstoffe. Verschiedene Korngr\u00f6ssen erh\u00e4ltlich Preis inklusive Lieferung<\/p>","protected":false},"featured_media":434,"template":"","meta":{"_acf_changed":false},"product_brand":[],"product_cat":[195],"product_tag":[],"class_list":{"0":"post-433","1":"product","2":"type-product","3":"status-publish","4":"has-post-thumbnail","6":"product_cat-pflanzenkohle","8":"first","9":"instock","10":"taxable","11":"shipping-taxable","12":"purchasable","13":"product-type-simple"},"acf":[],"_links":{"self":[{"href":"https:\/\/vuna.ch\/it\/wp-json\/wp\/v2\/product\/433","targetHints":{"allow":["GET"]}}],"collection":[{"href":"https:\/\/vuna.ch\/it\/wp-json\/wp\/v2\/product"}],"about":[{"href":"https:\/\/vuna.ch\/it\/wp-json\/wp\/v2\/types\/product"}],"wp:featuredmedia":[{"embeddable":true,"href":"https:\/\/vuna.ch\/it\/wp-json\/wp\/v2\/media\/434"}],"wp:attachment":[{"href":"https:\/\/vuna.ch\/it\/wp-json\/wp\/v2\/media?parent=433"}],"wp:term":[{"taxonomy":"product_brand","embeddable":true,"href":"https:\/\/vuna.ch\/it\/wp-json\/wp\/v2\/product_brand?post=433"},{"taxonomy":"product_cat","embeddable":true,"href":"https:\/\/vuna.ch\/it\/wp-json\/wp\/v2\/product_cat?post=433"},{"taxonomy":"product_tag","embeddable":true,"href":"https:\/\/vuna.ch\/it\/wp-json\/wp\/v2\/product_tag?post=433"}],"curies":[{"name":"parola chiave","href":"https:\/\/api.w.org\/{rel}","templated":true}]}}