{"id":413,"date":"2025-03-18T23:06:57","date_gmt":"2025-03-18T22:06:57","guid":{"rendered":"https:\/\/wp.vuna.ch\/?post_type=product&#038;p=413"},"modified":"2026-01-15T16:25:03","modified_gmt":"2026-01-15T15:25:03","slug":"vuna-kleber","status":"publish","type":"product","link":"https:\/\/vuna.ch\/it\/product\/colla-vuna\/","title":{"rendered":"Adesivo Vuna"},"content":{"rendered":"<p>L&#039;adesivo Vuna \u00e8 lucido, ha uno sfondo trasparente e aderisce molto bene a vari materiali.<\/p>\n<p>Cosa significa realmente Vuna?<\/p>\n<p>Vuna significa &quot;raccolto&quot; in isiZulu, la lingua del popolo Zulu del Sudafrica. Il progetto VUNA \u00e8 stato creato nel 2010 perch\u00e9 la citt\u00e0 di Durban (Sudafrica) era alla ricerca di un modo per utilizzare grandi quantit\u00e0 di urina raccolta separatamente. Nel 2016 dal precedente progetto VUNA \u00e8 nata la societ\u00e0 Vuna GmbH.<\/p>","protected":false},"excerpt":{"rendered":"<p>Der Vuna-Kleber ist gl\u00e4nzend, hat einen durchsichtigen Hintergrund und klebt sehr gut auf diversen Materialien. Was bedeutet Vuna \u00fcberhapt? Vuna bedeutet \u201eErnte\u201c auf isiZulu, der Sprache der Zulu in S\u00fcdafrika. Entstanden ist VUNA 2010 als Projekt, da die Stadt Durban (S\u00fcdafrika) eine Verwendung f\u00fcr grosse Mengen an separat gesammeltem Urin suchte. 2016 entstand aus dem [&hellip;]<\/p>","protected":false},"featured_media":414,"template":"","meta":{"_acf_changed":false},"product_brand":[],"product_cat":[56],"product_tag":[],"class_list":{"0":"post-413","1":"product","2":"type-product","3":"status-publish","4":"has-post-thumbnail","6":"product_cat-unkategorisiert","7":"product_shipping_class-books-and-postcards","9":"first","10":"instock","11":"taxable","12":"shipping-taxable","13":"purchasable","14":"product-type-simple"},"acf":[],"_links":{"self":[{"href":"https:\/\/vuna.ch\/it\/wp-json\/wp\/v2\/product\/413","targetHints":{"allow":["GET"]}}],"collection":[{"href":"https:\/\/vuna.ch\/it\/wp-json\/wp\/v2\/product"}],"about":[{"href":"https:\/\/vuna.ch\/it\/wp-json\/wp\/v2\/types\/product"}],"wp:featuredmedia":[{"embeddable":true,"href":"https:\/\/vuna.ch\/it\/wp-json\/wp\/v2\/media\/414"}],"wp:attachment":[{"href":"https:\/\/vuna.ch\/it\/wp-json\/wp\/v2\/media?parent=413"}],"wp:term":[{"taxonomy":"product_brand","embeddable":true,"href":"https:\/\/vuna.ch\/it\/wp-json\/wp\/v2\/product_brand?post=413"},{"taxonomy":"product_cat","embeddable":true,"href":"https:\/\/vuna.ch\/it\/wp-json\/wp\/v2\/product_cat?post=413"},{"taxonomy":"product_tag","embeddable":true,"href":"https:\/\/vuna.ch\/it\/wp-json\/wp\/v2\/product_tag?post=413"}],"curies":[{"name":"parola chiave","href":"https:\/\/api.w.org\/{rel}","templated":true}]}}