{"id":285,"date":"2025-03-03T22:32:13","date_gmt":"2025-03-03T21:32:13","guid":{"rendered":"https:\/\/wp.vuna.ch\/?post_type=product&#038;p=285"},"modified":"2025-04-23T09:50:42","modified_gmt":"2025-04-23T08:50:42","slug":"holy-shit-buch","status":"publish","type":"product","link":"https:\/\/vuna.ch\/it\/product\/santo-cielo-libro\/","title":{"rendered":"Porca miseria (libro)"},"content":{"rendered":"<div id=\"content_description\" class=\"ty-wysiwyg-content content-description\" data-ab-smc-tab-hide=\"N|N\" data-ab-smc-more=\"Mehr\" data-ab-smc-less=\"Less\" data-ab-smc-height=\"250\">\n<div>\n<p>In Holy Shit, Anette Jensen racconta come il valore della nostra eredit\u00e0 sia stato dimenticato e spiega perch\u00e9 ci\u00f2 non danneggia solo l&#039;ambiente e il clima, ma anche la nostra salute. Utilizzando esempi molto concreti, mostra come il ciclo dei nutrienti, fondamentale per la nostra vita, possa essere ripristinato e dove ci\u00f2 stia gi\u00e0 accadendo.<\/p>\n<p>Data di uscita: ottobre 2023.<\/p>\n<\/div>\n<\/div>","protected":false},"excerpt":{"rendered":"<p>In Holy Shit, Anette Jensen racconta come il valore della nostra eredit\u00e0 sia stato dimenticato e spiega perch\u00e9 ci\u00f2 non danneggia solo l&#039;ambiente e il clima, ma anche la nostra salute.<\/p>","protected":false},"featured_media":323,"template":"","meta":{"_acf_changed":false},"product_brand":[],"product_cat":[56],"product_tag":[],"class_list":{"0":"post-285","1":"product","2":"type-product","3":"status-publish","4":"has-post-thumbnail","6":"product_cat-unkategorisiert","7":"product_shipping_class-books-and-postcards","9":"first","10":"instock","11":"taxable","12":"shipping-taxable","13":"purchasable","14":"product-type-simple"},"acf":[],"_links":{"self":[{"href":"https:\/\/vuna.ch\/it\/wp-json\/wp\/v2\/product\/285","targetHints":{"allow":["GET"]}}],"collection":[{"href":"https:\/\/vuna.ch\/it\/wp-json\/wp\/v2\/product"}],"about":[{"href":"https:\/\/vuna.ch\/it\/wp-json\/wp\/v2\/types\/product"}],"wp:featuredmedia":[{"embeddable":true,"href":"https:\/\/vuna.ch\/it\/wp-json\/wp\/v2\/media\/323"}],"wp:attachment":[{"href":"https:\/\/vuna.ch\/it\/wp-json\/wp\/v2\/media?parent=285"}],"wp:term":[{"taxonomy":"product_brand","embeddable":true,"href":"https:\/\/vuna.ch\/it\/wp-json\/wp\/v2\/product_brand?post=285"},{"taxonomy":"product_cat","embeddable":true,"href":"https:\/\/vuna.ch\/it\/wp-json\/wp\/v2\/product_cat?post=285"},{"taxonomy":"product_tag","embeddable":true,"href":"https:\/\/vuna.ch\/it\/wp-json\/wp\/v2\/product_tag?post=285"}],"curies":[{"name":"parola chiave","href":"https:\/\/api.w.org\/{rel}","templated":true}]}}