{"id":283,"date":"2025-03-03T22:32:13","date_gmt":"2025-03-03T21:32:13","guid":{"rendered":"https:\/\/wp.vuna.ch\/?post_type=product&amp;p=283"},"modified":"2025-04-02T10:04:53","modified_gmt":"2025-04-02T09:04:53","slug":"lurine-de-lor-liquide-au-jardin-livre","status":"publish","type":"product","link":"https:\/\/vuna.ch\/it\/product\/lurine-de-lor-liquide-au-jardin-livre\/","title":{"rendered":"L&#039;urina \u2013 il liquido nel giardino (livre)"},"content":{"rendered":"<div id=\"content_description\" class=\"ty-wysiwyg-content content-description\" data-ab-smc-tab-hide=\"N|N\" data-ab-smc-more=\"Mehr\" data-ab-smc-less=\"Less\" data-ab-smc-height=\"250\">\n<div>\n<p>Il libro \u00e8 disponibile anche in tedesco (<a href=\"https:\/\/vuna.ch\/it\/produkt\/urin-fluessiges-buch\/\">vedere il prodotto n. 3002<\/a>).<\/p>\n<p>Questo libro descrive in dettaglio come l&#039;urina, l&#039;oro liquido, pu\u00f2 essere riciclata e utilizzata come fertilizzante naturale nei giardini e in agricoltura. L&#039;urina \u00e8 una risorsa gratuita, ricca di azoto e sali minerali, che apporta grandi benefici alla coltivazione e alla biodiversit\u00e0.<\/p>\n<p>di Renaud de Looze<\/p>\n<p>2a edizione 2018<\/p>\n<p>Codice ISBN 978-2-35981-100-1<\/p>\n<p>Editore: Terran Editions<\/p>\n<\/div>\n<\/div>","protected":false},"excerpt":{"rendered":"<p>Questo libro descrive in dettaglio come l&#039;urina, l&#039;oro liquido, pu\u00f2 essere riciclata e utilizzata come fertilizzante naturale nei giardini e in agricoltura.<\/p>","protected":false},"featured_media":321,"template":"","meta":{"_acf_changed":false},"product_brand":[],"product_cat":[56],"product_tag":[],"class_list":{"0":"post-283","1":"product","2":"type-product","3":"status-publish","4":"has-post-thumbnail","6":"product_cat-unkategorisiert","7":"product_shipping_class-books-and-postcards","9":"first","10":"instock","11":"taxable","12":"shipping-taxable","13":"purchasable","14":"product-type-simple"},"acf":[],"_links":{"self":[{"href":"https:\/\/vuna.ch\/it\/wp-json\/wp\/v2\/product\/283","targetHints":{"allow":["GET"]}}],"collection":[{"href":"https:\/\/vuna.ch\/it\/wp-json\/wp\/v2\/product"}],"about":[{"href":"https:\/\/vuna.ch\/it\/wp-json\/wp\/v2\/types\/product"}],"wp:featuredmedia":[{"embeddable":true,"href":"https:\/\/vuna.ch\/it\/wp-json\/wp\/v2\/media\/321"}],"wp:attachment":[{"href":"https:\/\/vuna.ch\/it\/wp-json\/wp\/v2\/media?parent=283"}],"wp:term":[{"taxonomy":"product_brand","embeddable":true,"href":"https:\/\/vuna.ch\/it\/wp-json\/wp\/v2\/product_brand?post=283"},{"taxonomy":"product_cat","embeddable":true,"href":"https:\/\/vuna.ch\/it\/wp-json\/wp\/v2\/product_cat?post=283"},{"taxonomy":"product_tag","embeddable":true,"href":"https:\/\/vuna.ch\/it\/wp-json\/wp\/v2\/product_tag?post=283"}],"curies":[{"name":"parola chiave","href":"https:\/\/api.w.org\/{rel}","templated":true}]}}