{"id":280,"date":"2025-03-03T22:32:13","date_gmt":"2025-03-03T21:32:13","guid":{"rendered":"https:\/\/wp.vuna.ch\/?post_type=product&#038;p=280"},"modified":"2025-04-23T09:50:07","modified_gmt":"2025-04-23T08:50:07","slug":"urin-flussiges-gold-fur-den-garten-buch","status":"publish","type":"product","link":"https:\/\/vuna.ch\/it\/product\/urina-oro-liquido-per-il-libro-del-giardino\/","title":{"rendered":"Urina - Oro liquido per il giardino (libro)"},"content":{"rendered":"<div id=\"content_description\" class=\"ty-wysiwyg-content content-description\" data-ab-smc-tab-hide=\"N|N\" data-ab-smc-more=\"Mehr\" data-ab-smc-less=\"Less\" data-ab-smc-height=\"250\">\n<div>\n<p>Questo libro descrive in dettaglio come l&#039;urina, l&#039;oro liquido, pu\u00f2 essere riciclata e utilizzata come fertilizzante naturale nei giardini e in agricoltura. L&#039;urina \u00e8 una risorsa gratuita, ricca di azoto e sali minerali, che apporta grandi benefici alla coltivazione e alla biodiversit\u00e0.<\/p>\n<p>di Renaud de Looze<\/p>\n<p>1a edizione 2020<\/p>\n<p>93 pagine<\/p>\n<p>Codice ISBN 978-3-947021-14-7<\/p>\n<p>Editore: \u00f6kobuch, D-79219 Staufen<\/p>\n<p>Il libro \u00e8 disponibile anche in francese (<a href=\"https:\/\/vuna.ch\/it\/produkt\/lurine-de-lor-liquide\/\">vedere il prodotto n. 3003<\/a>).<\/p>\n<\/div>\n<\/div>","protected":false},"excerpt":{"rendered":"<p>Questo libro descrive in dettaglio come l&#039;urina, l&#039;oro liquido, pu\u00f2 essere riciclata e utilizzata come fertilizzante naturale nei giardini e in agricoltura.<\/p>","protected":false},"featured_media":312,"template":"","meta":{"_acf_changed":false},"product_brand":[],"product_cat":[56],"product_tag":[],"class_list":{"0":"post-280","1":"product","2":"type-product","3":"status-publish","4":"has-post-thumbnail","6":"product_cat-unkategorisiert","7":"product_shipping_class-regular","9":"first","10":"instock","11":"taxable","12":"shipping-taxable","13":"purchasable","14":"product-type-simple"},"acf":[],"_links":{"self":[{"href":"https:\/\/vuna.ch\/it\/wp-json\/wp\/v2\/product\/280","targetHints":{"allow":["GET"]}}],"collection":[{"href":"https:\/\/vuna.ch\/it\/wp-json\/wp\/v2\/product"}],"about":[{"href":"https:\/\/vuna.ch\/it\/wp-json\/wp\/v2\/types\/product"}],"wp:featuredmedia":[{"embeddable":true,"href":"https:\/\/vuna.ch\/it\/wp-json\/wp\/v2\/media\/312"}],"wp:attachment":[{"href":"https:\/\/vuna.ch\/it\/wp-json\/wp\/v2\/media?parent=280"}],"wp:term":[{"taxonomy":"product_brand","embeddable":true,"href":"https:\/\/vuna.ch\/it\/wp-json\/wp\/v2\/product_brand?post=280"},{"taxonomy":"product_cat","embeddable":true,"href":"https:\/\/vuna.ch\/it\/wp-json\/wp\/v2\/product_cat?post=280"},{"taxonomy":"product_tag","embeddable":true,"href":"https:\/\/vuna.ch\/it\/wp-json\/wp\/v2\/product_tag?post=280"}],"curies":[{"name":"parola chiave","href":"https:\/\/api.w.org\/{rel}","templated":true}]}}