{"id":230,"date":"2025-03-03T22:31:42","date_gmt":"2025-03-03T21:31:42","guid":{"rendered":"https:\/\/wp.vuna.ch\/?post_type=product&#038;p=230"},"modified":"2025-12-15T16:46:11","modified_gmt":"2025-12-15T15:46:11","slug":"phytotiny-grauwasserfilter","status":"publish","type":"product","link":"https:\/\/vuna.ch\/it\/product\/filtro-per-acque-grigie-fitotinico\/","title":{"rendered":"Filtro per acque grigie Phytotiny"},"content":{"rendered":"<p><strong>Filtro trasportabile piantato per il trattamento delle acque grigie<\/strong><\/p>\n<p>Un filtro mobile composto da due unit\u00e0 per il trattamento delle acque grigie. Ideale per piccole sistemazioni abitative (mobili) da 2 a 4 persone. L&#039;acqua trattata pu\u00f2 essere infiltrata o utilizzata per l&#039;irrigazione. Il substrato del filtro \u00e8 costituito da biochar e trucioli di legno (CH) e il filtro \u00e8 piantumato con piante palustri adatte al sito.<\/p>\n<p><strong>Capacit\u00e0:<\/strong> 2 abitanti, max. 200 litri\/giorno<\/p>\n<p><strong>Dimensioni:<\/strong> 2 x 1,2 x 0,8 m (L x P x A)<\/p>\n<p><strong>Collegamenti:<\/strong> Diametro 50 mm<\/p>\n<p><strong>Substrati:<\/strong> Trucioli di legno duro e biochar<\/p>\n<p><strong>Piantagione:<\/strong> piante palustri adatte al sito<\/p>\n<p><b>Prezzo base:<\/b> CHF 3&#039;000 (esclusi rivestimenti in legno, piante, consegna e installazione)<\/p>\n<p><b>Ordine:<\/b> Per ordinare Phytotiny, compila il nostro <a href=\"https:\/\/vuna.ch\/it\/modulo\/\">modulo d'ordine<\/a> .<\/p>","protected":false},"excerpt":{"rendered":"<p>Filtro portatile per il trattamento delle acque grigie.<\/p>","protected":false},"featured_media":259,"template":"","meta":{"_acf_changed":false},"product_brand":[],"product_cat":[193],"product_tag":[],"class_list":{"0":"post-230","1":"product","2":"type-product","3":"status-publish","4":"has-post-thumbnail","6":"product_cat-installationen","7":"product_shipping_class-custom-more-31-kg","9":"first","10":"instock","11":"taxable","12":"shipping-taxable","13":"purchasable","14":"product-type-simple"},"acf":[],"_links":{"self":[{"href":"https:\/\/vuna.ch\/it\/wp-json\/wp\/v2\/product\/230","targetHints":{"allow":["GET"]}}],"collection":[{"href":"https:\/\/vuna.ch\/it\/wp-json\/wp\/v2\/product"}],"about":[{"href":"https:\/\/vuna.ch\/it\/wp-json\/wp\/v2\/types\/product"}],"wp:featuredmedia":[{"embeddable":true,"href":"https:\/\/vuna.ch\/it\/wp-json\/wp\/v2\/media\/259"}],"wp:attachment":[{"href":"https:\/\/vuna.ch\/it\/wp-json\/wp\/v2\/media?parent=230"}],"wp:term":[{"taxonomy":"product_brand","embeddable":true,"href":"https:\/\/vuna.ch\/it\/wp-json\/wp\/v2\/product_brand?post=230"},{"taxonomy":"product_cat","embeddable":true,"href":"https:\/\/vuna.ch\/it\/wp-json\/wp\/v2\/product_cat?post=230"},{"taxonomy":"product_tag","embeddable":true,"href":"https:\/\/vuna.ch\/it\/wp-json\/wp\/v2\/product_tag?post=230"}],"curies":[{"name":"parola chiave","href":"https:\/\/api.w.org\/{rel}","templated":true}]}}