{"id":367,"date":"2025-03-07T17:27:41","date_gmt":"2025-03-07T16:27:41","guid":{"rendered":"https:\/\/wp.vuna.ch\/?page_id=367"},"modified":"2025-12-15T16:26:32","modified_gmt":"2025-12-15T15:26:32","slug":"formular","status":"publish","type":"page","link":"https:\/\/vuna.ch\/it\/modulo\/","title":{"rendered":"Modulo d&#039;ordine per la fitotinia"},"content":{"rendered":"<p class=\"has-text-align-center\">Il prezzo base per l&#039;impianto di depurazione delle acque grigie \u00e8 di CHF 3.000.<\/p>\n\n\n\n<p class=\"has-text-align-center\">Seleziona i componenti e la planimetria desiderati.<\/p>","protected":false},"excerpt":{"rendered":"<p>Der Grundpreis f\u00fcr den Grauwasser-Kl\u00e4rgarten betr\u00e4gt 3&#8217;000 CHF. Kreuzen Sie die gew\u00fcnschten Komponenten und den Grundriss Ihrer Wahl an.<\/p>","protected":false},"author":4,"featured_media":373,"parent":0,"menu_order":0,"comment_status":"closed","ping_status":"closed","template":"","meta":{"_acf_changed":false,"footnotes":""},"class_list":["post-367","page","type-page","status-publish","has-post-thumbnail","hentry"],"acf":[],"_links":{"self":[{"href":"https:\/\/vuna.ch\/it\/wp-json\/wp\/v2\/pages\/367","targetHints":{"allow":["GET"]}}],"collection":[{"href":"https:\/\/vuna.ch\/it\/wp-json\/wp\/v2\/pages"}],"about":[{"href":"https:\/\/vuna.ch\/it\/wp-json\/wp\/v2\/types\/page"}],"author":[{"embeddable":true,"href":"https:\/\/vuna.ch\/it\/wp-json\/wp\/v2\/users\/4"}],"replies":[{"embeddable":true,"href":"https:\/\/vuna.ch\/it\/wp-json\/wp\/v2\/comments?post=367"}],"version-history":[{"count":5,"href":"https:\/\/vuna.ch\/it\/wp-json\/wp\/v2\/pages\/367\/revisions"}],"predecessor-version":[{"id":8850,"href":"https:\/\/vuna.ch\/it\/wp-json\/wp\/v2\/pages\/367\/revisions\/8850"}],"wp:featuredmedia":[{"embeddable":true,"href":"https:\/\/vuna.ch\/it\/wp-json\/wp\/v2\/media\/373"}],"wp:attachment":[{"href":"https:\/\/vuna.ch\/it\/wp-json\/wp\/v2\/media?parent=367"}],"curies":[{"name":"parola chiave","href":"https:\/\/api.w.org\/{rel}","templated":true}]}}