{"id":31,"date":"2025-02-28T18:00:25","date_gmt":"2025-02-28T17:00:25","guid":{"rendered":"https:\/\/wp.vuna.ch\/?page_id=31"},"modified":"2025-05-13T14:50:32","modified_gmt":"2025-05-13T13:50:32","slug":"urin-recycling-technologie","status":"publish","type":"page","link":"https:\/\/vuna.ch\/it\/tecnologia-di-riciclaggio-dellurina\/","title":{"rendered":"Tecnologia di riciclaggio dell'urina"},"content":{"rendered":"<div class=\"wp-block-group is-layout-constrained wp-block-group-is-layout-constrained\">\n<p class=\"has-text-align-left\">I progetti volti al trattamento dell&#039;urina vengono supervisionati in due modi: Vuna esamina la fattibilit\u00e0 e le dimensioni degli impianti nelle fasi iniziali dei progetti. La nostra societ\u00e0 affiliata VunaNexus si occupa poi della pianificazione dettagliata. Il processo di trattamento dell&#039;urina \u00e8 distribuito da VunaNexus. Il fertilizzante \u00e8 disponibile nel negozio online Vuna.<\/p>\n\n\n\n<p class=\"has-text-align-left\"><a href=\"https:\/\/www.vunanexus.com\/\" data-type=\"link\" data-id=\"https:\/\/www.vunanexus.com\/\" target=\"_blank\" rel=\"noreferrer noopener\">Clicca qui per andare al sito web di VunaNexus\u2026<\/a><\/p>\n\n\n\n<div style=\"height:47px\" aria-hidden=\"true\" class=\"wp-block-spacer\"><\/div>\n\n\n\n<h2 class=\"wp-block-heading has-text-align-left\">La tecnologia di riciclaggio delle urine spiegata in breve<\/h2>\n\n\n\n<figure class=\"wp-block-image aligncenter size-full\"><img loading=\"lazy\" decoding=\"async\" width=\"1536\" height=\"492\" src=\"https:\/\/vuna.ch\/wp-content\/uploads\/2025\/05\/process.png\" alt=\"\" class=\"wp-image-8420\" srcset=\"https:\/\/vuna.ch\/wp-content\/uploads\/2025\/05\/process.png 1536w, https:\/\/vuna.ch\/wp-content\/uploads\/2025\/05\/process-300x96.png 300w, https:\/\/vuna.ch\/wp-content\/uploads\/2025\/05\/process-1024x328.png 1024w, https:\/\/vuna.ch\/wp-content\/uploads\/2025\/05\/process-768x246.png 768w, https:\/\/vuna.ch\/wp-content\/uploads\/2025\/05\/process-18x6.png 18w, https:\/\/vuna.ch\/wp-content\/uploads\/2025\/05\/process-600x192.png 600w\" sizes=\"auto, (max-width: 1536px) 100vw, 1536px\" \/><\/figure>\n\n\n\n<p>  <\/p>\n\n\n\n<div style=\"height:27px\" aria-hidden=\"true\" class=\"wp-block-spacer\"><\/div>\n\n\n\n<p class=\"has-text-align-left\">Il processo VunaNexus serve anche a stabilizzare il letame. Dal 2023 VunaNexus \u00e8 coinvolta in un progetto di ricerca di Innosuisse volto a ridurre le emissioni di azoto provenienti dall&#039;agricoltura.<\/p>\n\n\n\n<figure class=\"wp-block-image aligncenter size-full\"><img loading=\"lazy\" decoding=\"async\" width=\"1536\" height=\"1152\" src=\"https:\/\/vuna.ch\/wp-content\/uploads\/2025\/05\/urin-process.jpg\" alt=\"\" class=\"wp-image-8422\" srcset=\"https:\/\/vuna.ch\/wp-content\/uploads\/2025\/05\/urin-process.jpg 1536w, https:\/\/vuna.ch\/wp-content\/uploads\/2025\/05\/urin-process-300x225.jpg 300w, https:\/\/vuna.ch\/wp-content\/uploads\/2025\/05\/urin-process-1024x768.jpg 1024w, https:\/\/vuna.ch\/wp-content\/uploads\/2025\/05\/urin-process-768x576.jpg 768w, https:\/\/vuna.ch\/wp-content\/uploads\/2025\/05\/urin-process-16x12.jpg 16w, https:\/\/vuna.ch\/wp-content\/uploads\/2025\/05\/urin-process-600x450.jpg 600w\" sizes=\"auto, (max-width: 1536px) 100vw, 1536px\" \/><\/figure>\n\n\n\n<p class=\"has-text-align-center\"><\/p>\n\n\n\n<p class=\"has-text-align-center\"><\/p>\n\n\n\n<figure class=\"wp-block-image aligncenter size-full\"><a href=\"https:\/\/www.vunanexus.com\/\" target=\"_blank\" rel=\" noreferrer noopener\"><img loading=\"lazy\" decoding=\"async\" width=\"150\" height=\"150\" src=\"https:\/\/vuna.ch\/wp-content\/uploads\/2025\/05\/logo-vuna-nexus.png\" alt=\"\" class=\"wp-image-8421\" srcset=\"https:\/\/vuna.ch\/wp-content\/uploads\/2025\/05\/logo-vuna-nexus.png 150w, https:\/\/vuna.ch\/wp-content\/uploads\/2025\/05\/logo-vuna-nexus-12x12.png 12w, https:\/\/vuna.ch\/wp-content\/uploads\/2025\/05\/logo-vuna-nexus-100x100.png 100w\" sizes=\"auto, (max-width: 150px) 100vw, 150px\" \/><\/a><\/figure>\n<\/div>","protected":false},"excerpt":{"rendered":"<p>Il processo VunaNexus sfrutta l&#039;urina per produrre il primo fertilizzante a base di urina al mondo. Ufficialmente approvato per tutte le piante, dalle verdure alle piante da appartamento.<\/p>","protected":false},"author":4,"featured_media":32,"parent":0,"menu_order":0,"comment_status":"closed","ping_status":"closed","template":"","meta":{"_acf_changed":false,"footnotes":""},"class_list":["post-31","page","type-page","status-publish","has-post-thumbnail","hentry"],"acf":[],"_links":{"self":[{"href":"https:\/\/vuna.ch\/it\/wp-json\/wp\/v2\/pages\/31","targetHints":{"allow":["GET"]}}],"collection":[{"href":"https:\/\/vuna.ch\/it\/wp-json\/wp\/v2\/pages"}],"about":[{"href":"https:\/\/vuna.ch\/it\/wp-json\/wp\/v2\/types\/page"}],"author":[{"embeddable":true,"href":"https:\/\/vuna.ch\/it\/wp-json\/wp\/v2\/users\/4"}],"replies":[{"embeddable":true,"href":"https:\/\/vuna.ch\/it\/wp-json\/wp\/v2\/comments?post=31"}],"version-history":[{"count":23,"href":"https:\/\/vuna.ch\/it\/wp-json\/wp\/v2\/pages\/31\/revisions"}],"predecessor-version":[{"id":8445,"href":"https:\/\/vuna.ch\/it\/wp-json\/wp\/v2\/pages\/31\/revisions\/8445"}],"wp:featuredmedia":[{"embeddable":true,"href":"https:\/\/vuna.ch\/it\/wp-json\/wp\/v2\/media\/32"}],"wp:attachment":[{"href":"https:\/\/vuna.ch\/it\/wp-json\/wp\/v2\/media?parent=31"}],"curies":[{"name":"parola chiave","href":"https:\/\/api.w.org\/{rel}","templated":true}]}}