{"id":9126,"date":"2026-05-12T13:25:55","date_gmt":"2026-05-12T12:25:55","guid":{"rendered":"https:\/\/vuna.ch\/?post_type=product&#038;p=9126"},"modified":"2026-05-12T13:25:55","modified_gmt":"2026-05-12T12:25:55","slug":"postkartenkollektion","status":"publish","type":"product","link":"https:\/\/vuna.ch\/fr\/product\/collection-de-cartes-postales\/","title":{"rendered":"Collection de cartes postales"},"content":{"rendered":"<p>Une collection pleine d\u2019humour de 8 cartes postales sur les mati\u00e8res f\u00e9cales et l\u2019urine, cr\u00e9\u00e9e par l\u2019association bretonne \u00ab Les Dessin\u2019Acteurs \u00bb.<\/p>\n<p>L'association \u00ab Dessin'Acteurs \u00bb met en r\u00e9seau des auteurs et des experts de divers horizons. Ensemble, ils utilisent le dessin d\u2019enqu\u00eate pour promouvoir la solidarit\u00e9 et le dialogue, tout en mettant en avant des alternatives concr\u00e8tes.<\/p>","protected":false},"excerpt":{"rendered":"<p>Une collection pleine d\u2019humour de 8 cartes postales sur les mati\u00e8res f\u00e9cales et l\u2019urine, cr\u00e9\u00e9e par l\u2019association bretonne \u00ab Les Dessin\u2019Acteurs \u00bb.<\/p>","protected":false},"featured_media":9129,"template":"","meta":{"_acf_changed":false},"product_brand":[],"product_cat":[56],"product_tag":[],"class_list":{"0":"post-9126","1":"product","2":"type-product","3":"status-publish","4":"has-post-thumbnail","6":"product_cat-unkategorisiert","7":"product_shipping_class-books-and-postcards","9":"first","10":"instock","11":"taxable","12":"shipping-taxable","13":"purchasable","14":"product-type-simple"},"acf":[],"_links":{"self":[{"href":"https:\/\/vuna.ch\/fr\/wp-json\/wp\/v2\/product\/9126","targetHints":{"allow":["GET"]}}],"collection":[{"href":"https:\/\/vuna.ch\/fr\/wp-json\/wp\/v2\/product"}],"about":[{"href":"https:\/\/vuna.ch\/fr\/wp-json\/wp\/v2\/types\/product"}],"wp:featuredmedia":[{"embeddable":true,"href":"https:\/\/vuna.ch\/fr\/wp-json\/wp\/v2\/media\/9129"}],"wp:attachment":[{"href":"https:\/\/vuna.ch\/fr\/wp-json\/wp\/v2\/media?parent=9126"}],"wp:term":[{"taxonomy":"product_brand","embeddable":true,"href":"https:\/\/vuna.ch\/fr\/wp-json\/wp\/v2\/product_brand?post=9126"},{"taxonomy":"product_cat","embeddable":true,"href":"https:\/\/vuna.ch\/fr\/wp-json\/wp\/v2\/product_cat?post=9126"},{"taxonomy":"product_tag","embeddable":true,"href":"https:\/\/vuna.ch\/fr\/wp-json\/wp\/v2\/product_tag?post=9126"}],"curies":[{"name":"wp","href":"https:\/\/api.w.org\/{rel}","templated":true}]}}