{"id":8950,"date":"2026-04-29T10:03:53","date_gmt":"2026-04-29T09:03:53","guid":{"rendered":"https:\/\/vuna.ch\/?post_type=product&#038;p=8950"},"modified":"2026-05-12T08:03:59","modified_gmt":"2026-05-12T07:03:59","slug":"dinkel-flocken","status":"publish","type":"product","link":"https:\/\/vuna.ch\/fr\/product\/flocons-depeautre\/","title":{"rendered":"Flocons d&#039;\u00e9peautre"},"content":{"rendered":"","protected":false},"excerpt":{"rendered":"<p>Notre \u00e9peautre biologique est cultiv\u00e9 sur notre exploitation dans la r\u00e9gion de l&#039;Allg\u00e4u, en Allemagne, puis transform\u00e9 artisanalement en fines flocons. Ils sont parfaits pour les porridges et les mueslis, comme ingr\u00e9dient pour le pain et les p\u00e2tisseries, pour la cuisson des l\u00e9gumes, des soupes et des rago\u00fbts, et comme garniture pour les fruits et les desserts. Les flocons d&#039;\u00e9peautre sont riches en vitamines, min\u00e9raux et fibres.<\/p>\n<p>Contenu : 500 g par paquet<\/p>","protected":false},"featured_media":8953,"template":"","meta":{"_acf_changed":false},"product_brand":[],"product_cat":[56],"product_tag":[],"class_list":{"0":"post-8950","1":"product","2":"type-product","3":"status-publish","4":"has-post-thumbnail","6":"product_cat-unkategorisiert","8":"first","9":"instock","10":"taxable","11":"shipping-taxable","12":"purchasable","13":"product-type-simple"},"acf":[],"_links":{"self":[{"href":"https:\/\/vuna.ch\/fr\/wp-json\/wp\/v2\/product\/8950","targetHints":{"allow":["GET"]}}],"collection":[{"href":"https:\/\/vuna.ch\/fr\/wp-json\/wp\/v2\/product"}],"about":[{"href":"https:\/\/vuna.ch\/fr\/wp-json\/wp\/v2\/types\/product"}],"wp:featuredmedia":[{"embeddable":true,"href":"https:\/\/vuna.ch\/fr\/wp-json\/wp\/v2\/media\/8953"}],"wp:attachment":[{"href":"https:\/\/vuna.ch\/fr\/wp-json\/wp\/v2\/media?parent=8950"}],"wp:term":[{"taxonomy":"product_brand","embeddable":true,"href":"https:\/\/vuna.ch\/fr\/wp-json\/wp\/v2\/product_brand?post=8950"},{"taxonomy":"product_cat","embeddable":true,"href":"https:\/\/vuna.ch\/fr\/wp-json\/wp\/v2\/product_cat?post=8950"},{"taxonomy":"product_tag","embeddable":true,"href":"https:\/\/vuna.ch\/fr\/wp-json\/wp\/v2\/product_tag?post=8950"}],"curies":[{"name":"wp","href":"https:\/\/api.w.org\/{rel}","templated":true}]}}