{"id":8922,"date":"2026-03-27T11:32:16","date_gmt":"2026-03-27T10:32:16","guid":{"rendered":"https:\/\/vuna.ch\/?post_type=product&#038;p=8922"},"modified":"2026-03-27T11:32:16","modified_gmt":"2026-03-27T10:32:16","slug":"sanisphere-sanikit-in","status":"publish","type":"product","link":"https:\/\/vuna.ch\/fr\/product\/sanisphere-sanikit-dans\/","title":{"rendered":"Sanisph\u00e8re \u2013 SANIKIT IN"},"content":{"rendered":"<p>Kit toilette s\u00e8che \u00e0 s\u00e9paration d'urine avec tapis roulant int\u00e9gr\u00e9 dans le si\u00e8ge et cuve de collecte des mati\u00e8res solides.<br \/>\nKit complet : si\u00e8ge, p\u00e9dale, tapis, cuve de collecte des mati\u00e8res solides (PE), conduit d'\u00e9vacuation des liquides, chemin\u00e9e \u00d8200 mm et extracteur \u00e9olien.<\/p>","protected":false},"excerpt":{"rendered":"<p>Le nouveau kit de toilettes s\u00e8ches \u00e0 compost.<\/p>","protected":false},"featured_media":8924,"template":"","meta":{"_acf_changed":false},"product_brand":[],"product_cat":[208,202],"product_tag":[],"class_list":{"0":"post-8922","1":"product","2":"type-product","3":"status-publish","4":"has-post-thumbnail","6":"product_cat-trockentoiletten","7":"product_cat-trockentoiletten-und-zubehor","8":"product_shipping_class-custom-more-31-kg","10":"first","11":"instock","12":"taxable","13":"shipping-taxable","14":"purchasable","15":"product-type-simple"},"acf":[],"_links":{"self":[{"href":"https:\/\/vuna.ch\/fr\/wp-json\/wp\/v2\/product\/8922","targetHints":{"allow":["GET"]}}],"collection":[{"href":"https:\/\/vuna.ch\/fr\/wp-json\/wp\/v2\/product"}],"about":[{"href":"https:\/\/vuna.ch\/fr\/wp-json\/wp\/v2\/types\/product"}],"wp:featuredmedia":[{"embeddable":true,"href":"https:\/\/vuna.ch\/fr\/wp-json\/wp\/v2\/media\/8924"}],"wp:attachment":[{"href":"https:\/\/vuna.ch\/fr\/wp-json\/wp\/v2\/media?parent=8922"}],"wp:term":[{"taxonomy":"product_brand","embeddable":true,"href":"https:\/\/vuna.ch\/fr\/wp-json\/wp\/v2\/product_brand?post=8922"},{"taxonomy":"product_cat","embeddable":true,"href":"https:\/\/vuna.ch\/fr\/wp-json\/wp\/v2\/product_cat?post=8922"},{"taxonomy":"product_tag","embeddable":true,"href":"https:\/\/vuna.ch\/fr\/wp-json\/wp\/v2\/product_tag?post=8922"}],"curies":[{"name":"wp","href":"https:\/\/api.w.org\/{rel}","templated":true}]}}