{"id":8854,"date":"2025-12-17T14:49:38","date_gmt":"2025-12-17T13:49:38","guid":{"rendered":"https:\/\/vuna.ch\/?post_type=product&#038;p=8854"},"modified":"2026-01-15T16:43:27","modified_gmt":"2026-01-15T15:43:27","slug":"marcelle-trocken-urinal-unisex","status":"publish","type":"product","link":"https:\/\/vuna.ch\/fr\/product\/urinoir-sec-unisexe-marcelle\/","title":{"rendered":"Marcelle \u2013 Urinoir unisexe"},"content":{"rendered":"<div id=\"content_description\" class=\"ty-wysiwyg-content content-description\" data-ab-smc-tab-hide=\"N|N\" data-ab-smc-more=\"Mehr\" data-ab-smc-less=\"Less\" data-ab-smc-height=\"250\">\n<div>\n<p><em>NB L&#039;urinoir ne peut \u00eatre command\u00e9 que sur facture. Les frais d&#039;exp\u00e9dition seront factur\u00e9s s\u00e9par\u00e9ment. Veuillez nous contacter pour un devis. La livraison prend environ 3 semaines.<\/em><br \/>\n<\/em><\/p>\n<p>Urinoir sec unisexe permettant d&#039;uriner sans toucher la cuvette des toilettes et sans \u00e9claboussures. <a href=\"https:\/\/urinoirmarcelle.fr\/marcelle-urinoir-mixte\/\" target=\"_blank\" rel=\"noreferrer noopener\"><strong>Ici<\/strong><\/a> en savoir plus sur le produit.<\/em><br \/>\n<\/em><\/p>\n<p>Convient \u00e0 une large gamme de syst\u00e8mes d&#039;assainissement d\u00e9centralis\u00e9s - des zones alpines et rurales aux applications dans les salles de concert, les centres commerciaux, les festivals, etc.<\/em><br \/>\n<\/em><\/p>\n<p>Fabriqu\u00e9 en France.<\/p>\n<\/div>\n<\/div>","protected":false},"excerpt":{"rendered":"<p>Un urinoir sec pour tous, qui permet d&#039;uriner sans toucher la cuvette des toilettes et sans \u00e9claboussures.<\/p>","protected":false},"featured_media":8853,"template":"","meta":{"_acf_changed":false},"product_brand":[],"product_cat":[208,202],"product_tag":[],"class_list":{"0":"post-8854","1":"product","2":"type-product","3":"status-publish","4":"has-post-thumbnail","6":"product_cat-trockentoiletten","7":"product_cat-trockentoiletten-und-zubehor","8":"product_shipping_class-custom-more-31-kg","10":"first","11":"instock","12":"taxable","13":"shipping-taxable","14":"purchasable","15":"product-type-simple"},"acf":[],"_links":{"self":[{"href":"https:\/\/vuna.ch\/fr\/wp-json\/wp\/v2\/product\/8854","targetHints":{"allow":["GET"]}}],"collection":[{"href":"https:\/\/vuna.ch\/fr\/wp-json\/wp\/v2\/product"}],"about":[{"href":"https:\/\/vuna.ch\/fr\/wp-json\/wp\/v2\/types\/product"}],"wp:featuredmedia":[{"embeddable":true,"href":"https:\/\/vuna.ch\/fr\/wp-json\/wp\/v2\/media\/8853"}],"wp:attachment":[{"href":"https:\/\/vuna.ch\/fr\/wp-json\/wp\/v2\/media?parent=8854"}],"wp:term":[{"taxonomy":"product_brand","embeddable":true,"href":"https:\/\/vuna.ch\/fr\/wp-json\/wp\/v2\/product_brand?post=8854"},{"taxonomy":"product_cat","embeddable":true,"href":"https:\/\/vuna.ch\/fr\/wp-json\/wp\/v2\/product_cat?post=8854"},{"taxonomy":"product_tag","embeddable":true,"href":"https:\/\/vuna.ch\/fr\/wp-json\/wp\/v2\/product_tag?post=8854"}],"curies":[{"name":"wp","href":"https:\/\/api.w.org\/{rel}","templated":true}]}}