{"id":8526,"date":"2025-07-15T15:50:28","date_gmt":"2025-07-15T14:50:28","guid":{"rendered":"https:\/\/vuna.ch\/?post_type=product&#038;p=8526"},"modified":"2025-07-17T10:55:02","modified_gmt":"2025-07-17T09:55:02","slug":"green-drain","status":"publish","type":"product","link":"https:\/\/vuna.ch\/fr\/product\/drain-vert\/","title":{"rendered":"Green Drain"},"content":{"rendered":"<p>La membrane anti-odeurs Green Drain\u2122 est compos\u00e9e d&#039;un cadre en plastique ABS r\u00e9sistant aux UV, d&#039;une membrane d&#039;\u00e9tanch\u00e9it\u00e9 en caoutchouc de silicone et d&#039;un joint flexible pour une installation facile et un ajustement parfait. GREEN DRAIN\u2122 s&#039;adapte aux siphons de sol dans divers endroits.<\/p>\n<div class=\"ce-textpic ce-center ce-above\">\n<div class=\"ce-bodytext\">\n<div class=\"threeme-header\">\n<p>Autres faits :<\/p>\n<\/div>\n<div class=\"ce-textpic ce-center ce-above\">\n<div class=\"ce-bodytext\">\n<ul>\n<li>Installation et fixation faciles<\/li>\n<li>Am\u00e9liore la qualit\u00e9 de l&#039;air int\u00e9rieur<\/li>\n<li>Ne r\u00e9duit pas le d\u00e9bit<\/li>\n<li>Contrecarre la p\u00e9n\u00e9tration des eaux us\u00e9es<\/li>\n<li>Sans eau et autonettoyant<\/li>\n<li>Ne se bouche pas<\/li>\n<li>Universel \u2013 peut \u00eatre utilis\u00e9 pour tous les types de drains de sol<\/li>\n<li>Emp\u00eache les odeurs d&#039;\u00e9gout<\/li>\n<li>Pas de blocage dans le drain<\/li>\n<li>Pas de barri\u00e8res d&#039;eau dess\u00e9ch\u00e9es<\/li>\n<\/ul>\n<\/div>\n<\/div>\n<\/div>\n<\/div>","protected":false},"excerpt":{"rendered":"<p>Membrane anti-odeurs Green Drain<\/p>","protected":false},"featured_media":8527,"template":"","meta":{"_acf_changed":false},"product_brand":[],"product_cat":[56],"product_tag":[],"class_list":{"0":"post-8526","1":"product","2":"type-product","3":"status-publish","4":"has-post-thumbnail","6":"product_cat-unkategorisiert","7":"product_shipping_class-urimat","9":"first","10":"instock","11":"taxable","12":"shipping-taxable","13":"purchasable","14":"product-type-variable"},"acf":[],"_links":{"self":[{"href":"https:\/\/vuna.ch\/fr\/wp-json\/wp\/v2\/product\/8526","targetHints":{"allow":["GET"]}}],"collection":[{"href":"https:\/\/vuna.ch\/fr\/wp-json\/wp\/v2\/product"}],"about":[{"href":"https:\/\/vuna.ch\/fr\/wp-json\/wp\/v2\/types\/product"}],"wp:featuredmedia":[{"embeddable":true,"href":"https:\/\/vuna.ch\/fr\/wp-json\/wp\/v2\/media\/8527"}],"wp:attachment":[{"href":"https:\/\/vuna.ch\/fr\/wp-json\/wp\/v2\/media?parent=8526"}],"wp:term":[{"taxonomy":"product_brand","embeddable":true,"href":"https:\/\/vuna.ch\/fr\/wp-json\/wp\/v2\/product_brand?post=8526"},{"taxonomy":"product_cat","embeddable":true,"href":"https:\/\/vuna.ch\/fr\/wp-json\/wp\/v2\/product_cat?post=8526"},{"taxonomy":"product_tag","embeddable":true,"href":"https:\/\/vuna.ch\/fr\/wp-json\/wp\/v2\/product_tag?post=8526"}],"curies":[{"name":"wp","href":"https:\/\/api.w.org\/{rel}","templated":true}]}}