{"id":7952,"date":"2025-03-03T22:31:43","date_gmt":"2025-03-03T21:31:43","guid":{"rendered":"https:\/\/wp.vuna.ch\/?post_type=product&#038;p=249"},"modified":"2026-03-23T09:47:24","modified_gmt":"2026-03-23T08:47:24","slug":"pentair-lineguard-uf-100","status":"publish","type":"product","link":"https:\/\/vuna.ch\/fr\/product\/pentair-lineguard-uf-100\/","title":{"rendered":"Pentair - LineGuard UF-100"},"content":{"rendered":"<p>Syst\u00e8me d&#039;ultrafiltration membranaire. D\u00e9bit (\u00e0 2 bar) 60 L\/min, capacit\u00e9 totale 5 000 m3. Plus d&#039;informations peuvent \u00eatre trouv\u00e9es <a href=\"https:\/\/vuna.ch\/fr\/store\/\" target=\"_blank\" rel=\"noreferrer noopener\">ici<\/a>.<\/p>\n<p>Exp\u00e9dition uniquement en Suisse. Si possible, veuillez payer ce produit par facture et non par carte de cr\u00e9dit. Merci!<\/p>\n<p>Cette technologie d\u2019ultrafiltration est adapt\u00e9e \u00e0 la cr\u00e9ation d\u2019un syst\u00e8me d\u2019eau potable.<\/p>","protected":false},"excerpt":{"rendered":"<p>Syst\u00e8me d&#039;ultrafiltration membranaire. D\u00e9bit (\u00e0 2 bar) 60 L\/min, capacit\u00e9 totale 5 000 m3.<\/p>","protected":false},"featured_media":302,"template":"","meta":{"_acf_changed":false},"product_brand":[],"product_cat":[206],"product_tag":[],"class_list":{"0":"post-7952","1":"product","2":"type-product","3":"status-publish","4":"has-post-thumbnail","6":"product_cat-filteranlagen","7":"product_shipping_class-custom-more-31-kg","9":"first","10":"instock","11":"taxable","12":"shipping-taxable","13":"purchasable","14":"product-type-simple"},"acf":[],"_links":{"self":[{"href":"https:\/\/vuna.ch\/fr\/wp-json\/wp\/v2\/product\/7952","targetHints":{"allow":["GET"]}}],"collection":[{"href":"https:\/\/vuna.ch\/fr\/wp-json\/wp\/v2\/product"}],"about":[{"href":"https:\/\/vuna.ch\/fr\/wp-json\/wp\/v2\/types\/product"}],"wp:featuredmedia":[{"embeddable":true,"href":"https:\/\/vuna.ch\/fr\/wp-json\/wp\/v2\/media\/302"}],"wp:attachment":[{"href":"https:\/\/vuna.ch\/fr\/wp-json\/wp\/v2\/media?parent=7952"}],"wp:term":[{"taxonomy":"product_brand","embeddable":true,"href":"https:\/\/vuna.ch\/fr\/wp-json\/wp\/v2\/product_brand?post=7952"},{"taxonomy":"product_cat","embeddable":true,"href":"https:\/\/vuna.ch\/fr\/wp-json\/wp\/v2\/product_cat?post=7952"},{"taxonomy":"product_tag","embeddable":true,"href":"https:\/\/vuna.ch\/fr\/wp-json\/wp\/v2\/product_tag?post=7952"}],"curies":[{"name":"wp","href":"https:\/\/api.w.org\/{rel}","templated":true}]}}