{"id":7950,"date":"2025-03-03T22:31:42","date_gmt":"2025-03-03T21:31:42","guid":{"rendered":"https:\/\/wp.vuna.ch\/?post_type=product&amp;p=231"},"modified":"2025-04-02T10:04:30","modified_gmt":"2025-04-02T09:04:30","slug":"klargarten-bluhpflanzen","status":"publish","type":"product","link":"https:\/\/vuna.ch\/fr\/product\/plantes-a-fleurs-de-jardin-claires\/","title":{"rendered":"Jardin d'\u00e9puration"},"content":{"rendered":"<div id=\"content_description\" class=\"ty-wysiwyg-content content-description\" data-ab-smc-tab-hide=\"N|N\" data-ab-smc-more=\"Mehr\" data-ab-smc-less=\"Less\" data-ab-smc-height=\"250\">\n<div>\n<p>Les filtres plant\u00e9s ou jardins d&#039;\u00e9puration de Vuna et Aquatiris sont des syst\u00e8mes \u00e9prouv\u00e9s pour le traitement d\u00e9centralis\u00e9 de vos eaux us\u00e9es ou eaux grises totales. La taille du filtre est ajust\u00e9e \u00e0 vos besoins.<\/p>\n<p>Les filtres sont remplis de biochar et plant\u00e9s de plantes de marais adapt\u00e9es au site. Y compris l&#039;adaptation, l&#039;installation et la r\u00e9ception du syst\u00e8me.<\/p>\n<p>Le prix exact varie en fonction de la taille et comprend la livraison des composants<\/p>\n<\/div>\n<\/div>","protected":false},"excerpt":{"rendered":"<p>Les filtres plant\u00e9s ou jardins d&#039;\u00e9puration de Vuna et Aquatiris sont des syst\u00e8mes \u00e9prouv\u00e9s pour le traitement d\u00e9centralis\u00e9 de vos eaux us\u00e9es ou eaux grises totales.<\/p>","protected":false},"featured_media":7910,"template":"","meta":{"_acf_changed":false},"product_brand":[],"product_cat":[193],"product_tag":[],"class_list":{"0":"post-7950","1":"product","2":"type-product","3":"status-publish","4":"has-post-thumbnail","6":"product_cat-installationen","7":"product_shipping_class-custom-more-31-kg","9":"first","10":"instock","11":"taxable","12":"shipping-taxable","13":"purchasable","14":"product-type-simple"},"acf":[],"_links":{"self":[{"href":"https:\/\/vuna.ch\/fr\/wp-json\/wp\/v2\/product\/7950","targetHints":{"allow":["GET"]}}],"collection":[{"href":"https:\/\/vuna.ch\/fr\/wp-json\/wp\/v2\/product"}],"about":[{"href":"https:\/\/vuna.ch\/fr\/wp-json\/wp\/v2\/types\/product"}],"wp:featuredmedia":[{"embeddable":true,"href":"https:\/\/vuna.ch\/fr\/wp-json\/wp\/v2\/media\/7910"}],"wp:attachment":[{"href":"https:\/\/vuna.ch\/fr\/wp-json\/wp\/v2\/media?parent=7950"}],"wp:term":[{"taxonomy":"product_brand","embeddable":true,"href":"https:\/\/vuna.ch\/fr\/wp-json\/wp\/v2\/product_brand?post=7950"},{"taxonomy":"product_cat","embeddable":true,"href":"https:\/\/vuna.ch\/fr\/wp-json\/wp\/v2\/product_cat?post=7950"},{"taxonomy":"product_tag","embeddable":true,"href":"https:\/\/vuna.ch\/fr\/wp-json\/wp\/v2\/product_tag?post=7950"}],"curies":[{"name":"wp","href":"https:\/\/api.w.org\/{rel}","templated":true}]}}