{"id":7949,"date":"2025-03-03T22:31:42","date_gmt":"2025-03-03T21:31:42","guid":{"rendered":"https:\/\/wp.vuna.ch\/?post_type=product&#038;p=229"},"modified":"2026-02-04T10:12:52","modified_gmt":"2026-02-04T09:12:52","slug":"aurin-dunger-bidon-20-l","status":"publish","type":"product","link":"https:\/\/vuna.ch\/fr\/product\/aurin-dunger-bidon-20-l\/","title":{"rendered":"Engrais Aurin - Bidon 20 L"},"content":{"rendered":"<p>Engrais de recyclage - 20L<\/p>\n<p>Aurin - Le premier engrais \u00e0 base d'urine au monde avec une autorisation compl\u00e8te. Aurin est un engrais universel fabriqu\u00e9 \u00e0 partir d'urine humaine. VunaNexus propose le proc\u00e9d\u00e9 qui transforme l'urine en engrais. Les r\u00e9sidus de m\u00e9dicaments, les hormones et les germes sont ainsi \u00e9limin\u00e9s, mais les nutriments restent \u00e0 l'int\u00e9rieur.<\/p>\n<p>Aurin - Engrais pour fleurs et l\u00e9gumes avec recyclage des \u00e9l\u00e9ments nutritifs. Technologie suisse de recyclage. Un engrais naturel pour toutes vos plantes. Premier engrais \u00e0 base d'urine au monde avec une autorisation compl\u00e8te.<\/p>","protected":false},"excerpt":{"rendered":"<p>Aurin - Le premier engrais \u00e0 base d'urine au monde avec une autorisation compl\u00e8te. Engrais pour fleurs et l\u00e9gumes avec recyclage des \u00e9l\u00e9ments nutritifs. Technologie suisse de recyclage. Un engrais naturel pour toutes vos plantes.<\/p>","protected":false},"featured_media":258,"template":"","meta":{"_acf_changed":false},"product_brand":[],"product_cat":[205],"product_tag":[],"class_list":{"0":"post-7949","1":"product","2":"type-product","3":"status-publish","4":"has-post-thumbnail","6":"product_cat-aurin","7":"product_shipping_class-regular","9":"first","10":"instock","11":"taxable","12":"shipping-taxable","13":"purchasable","14":"product-type-simple"},"acf":[],"_links":{"self":[{"href":"https:\/\/vuna.ch\/fr\/wp-json\/wp\/v2\/product\/7949","targetHints":{"allow":["GET"]}}],"collection":[{"href":"https:\/\/vuna.ch\/fr\/wp-json\/wp\/v2\/product"}],"about":[{"href":"https:\/\/vuna.ch\/fr\/wp-json\/wp\/v2\/types\/product"}],"wp:featuredmedia":[{"embeddable":true,"href":"https:\/\/vuna.ch\/fr\/wp-json\/wp\/v2\/media\/258"}],"wp:attachment":[{"href":"https:\/\/vuna.ch\/fr\/wp-json\/wp\/v2\/media?parent=7949"}],"wp:term":[{"taxonomy":"product_brand","embeddable":true,"href":"https:\/\/vuna.ch\/fr\/wp-json\/wp\/v2\/product_brand?post=7949"},{"taxonomy":"product_cat","embeddable":true,"href":"https:\/\/vuna.ch\/fr\/wp-json\/wp\/v2\/product_cat?post=7949"},{"taxonomy":"product_tag","embeddable":true,"href":"https:\/\/vuna.ch\/fr\/wp-json\/wp\/v2\/product_tag?post=7949"}],"curies":[{"name":"wp","href":"https:\/\/api.w.org\/{rel}","templated":true}]}}