{"id":7830,"date":"2025-03-25T13:20:19","date_gmt":"2025-03-25T12:20:19","guid":{"rendered":"https:\/\/vuna.ch\/?post_type=product&#038;p=7830"},"modified":"2026-01-15T16:39:56","modified_gmt":"2026-01-15T15:39:56","slug":"peepot-urinableitung-urintrennung-bauelement-trenntoilette","status":"publish","type":"product","link":"https:\/\/vuna.ch\/fr\/product\/toilettes-a-separation-durine-a-derivation-durine\/","title":{"rendered":"Peepot \u2013 Toilettes \u00e0 compost avec syst\u00e8me de drainage et de s\u00e9paration des urines"},"content":{"rendered":"<p>Vous recherchez toujours un syst\u00e8me ing\u00e9nieux de drainage d&#039;urine pour vos toilettes \u00e0 compost auto-construites ?<\/p>\n<p>Voici la solution du Peepot de Finizio. Cette production est r\u00e9alis\u00e9e dans un rayon de 11 km autour d'Eberswalde (RFA). Les t\u00f4les sont d\u00e9coup\u00e9es au laser, pli\u00e9es et soud\u00e9es dans trois ateliers diff\u00e9rents \u00e0 Eberswalde. Le transport entre les sites de production s'effectue principalement en v\u00e9lo cargo \u00e9lectrique.<\/p>\n<p>Masse:<br \/>\nInt\u00e9rieur : 24,2 cm de large x 31,7 cm de profondeur<br \/>\nExt\u00e9rieur : PeePot 45\u00b0 sans buse de raccordement : 20,5 cm de haut, 44,1 cm de profondeur et 36,8 cm de large \/ PeePot 35\u00b0 sans buse de raccordement : 20,5 cm de haut, 45,1 cm de profondeur et 36,8 cm de large<\/p>\n<p>Accessoires :<br \/>\nTuyau d&#039;urine et connecteurs pour bidons d&#039;urine inclus<br \/>\n* Le PeePot est constamment optimis\u00e9 et fabriqu\u00e9 uniquement \u00e0 la main en petites quantit\u00e9s. Par cons\u00e9quent, des \u00e9carts de forme et de mat\u00e9riau ainsi que des fluctuations de prix peuvent survenir.<\/p>","protected":false},"excerpt":{"rendered":"<p>Du sucht f\u00fcr deine selbstgebaute Trenntoilette noch eine geniale Urinableitung? Hier ist die L\u00f6sung der Peepot von Finizio. Dieser wird produziert in einem Umkreis von 11 km um Eberswalde (DE). Die Bleche werden in drei verschiedenen Handwerksbetrieben in Eberswalde gelasert, gebogen und verschweisst. Der Transport zwischen den Produktionsst\u00e4tten erfolgt gr\u00f6sstenteils per E-Lastenrad. Masse: Innen:\u00a0 24,2 [&hellip;]<\/p>","protected":false},"featured_media":7837,"template":"","meta":{"_acf_changed":false},"product_brand":[],"product_cat":[208],"product_tag":[],"class_list":{"0":"post-7830","1":"product","2":"type-product","3":"status-publish","4":"has-post-thumbnail","6":"product_cat-trockentoiletten","7":"product_shipping_class-custom-more-31-kg","9":"first","10":"instock","11":"taxable","12":"shipping-taxable","13":"purchasable","14":"product-type-simple"},"acf":[],"_links":{"self":[{"href":"https:\/\/vuna.ch\/fr\/wp-json\/wp\/v2\/product\/7830","targetHints":{"allow":["GET"]}}],"collection":[{"href":"https:\/\/vuna.ch\/fr\/wp-json\/wp\/v2\/product"}],"about":[{"href":"https:\/\/vuna.ch\/fr\/wp-json\/wp\/v2\/types\/product"}],"wp:featuredmedia":[{"embeddable":true,"href":"https:\/\/vuna.ch\/fr\/wp-json\/wp\/v2\/media\/7837"}],"wp:attachment":[{"href":"https:\/\/vuna.ch\/fr\/wp-json\/wp\/v2\/media?parent=7830"}],"wp:term":[{"taxonomy":"product_brand","embeddable":true,"href":"https:\/\/vuna.ch\/fr\/wp-json\/wp\/v2\/product_brand?post=7830"},{"taxonomy":"product_cat","embeddable":true,"href":"https:\/\/vuna.ch\/fr\/wp-json\/wp\/v2\/product_cat?post=7830"},{"taxonomy":"product_tag","embeddable":true,"href":"https:\/\/vuna.ch\/fr\/wp-json\/wp\/v2\/product_tag?post=7830"}],"curies":[{"name":"wp","href":"https:\/\/api.w.org\/{rel}","templated":true}]}}