{"id":7809,"date":"2025-03-25T11:33:34","date_gmt":"2025-03-25T10:33:34","guid":{"rendered":"https:\/\/vuna.ch\/?post_type=product&#038;p=7809"},"modified":"2026-01-15T16:39:06","modified_gmt":"2026-01-15T15:39:06","slug":"liloo-indoor-trenntoilette","status":"publish","type":"product","link":"https:\/\/vuna.ch\/fr\/product\/toilettes-a-compost-interieures-liloo\/","title":{"rendered":"Liloo \u2013 Toilettes \u00e0 compost mobiles"},"content":{"rendered":"<p><em>NB Les toilettes ne peuvent \u00eatre command\u00e9es que sur facture. Les frais d&#039;exp\u00e9dition seront factur\u00e9s s\u00e9par\u00e9ment. Veuillez nous contacter pour un devis. La livraison prend environ 3 semaines.<\/em><\/p>\n<p>Le Liloo a \u00e9t\u00e9 d\u00e9velopp\u00e9 par Finizio pour une utilisation fiable \u00e0 la maison, dans le jardin et dans la voiture. La pr\u00e9vention des odeurs, l\u2019installation flexible dans les espaces restreints et la fonctionnalit\u00e9 \u00e0 long terme jouent ici un r\u00f4le crucial. Surtout, le Liloo fonctionne avec un d\u00e9veloppement ing\u00e9nieux du drainage de l&#039;urine par rapport aux toilettes \u00e0 compost conventionnelles.<\/p>\n<div id=\"liloo_material_produktion\" class=\"toggle_wrap active_tc\">\n<div class=\"toggle_content invers-color\">\n<p>L'ensemble de la production du bol en acier inoxydable Liloo a lieu dans un rayon de 11 km autour d'Eberswalde (RFA). Les t\u00f4les sont d\u00e9coup\u00e9es au laser, pli\u00e9es et soud\u00e9es dans trois ateliers diff\u00e9rents \u00e0 Eberswalde. La plaque de base en bois coll\u00e9 avec un tiroir frais\u00e9 est \u00e9galement frais\u00e9e CNC dans une menuiserie \u00e0 Eberswalde. Le transport entre les sites de production s'effectue principalement en v\u00e9lo cargo \u00e9lectrique.<\/p>\n<\/div>\n<\/div>\n<p>y compris le syst\u00e8me et l&#039;\u00e9quipement de d\u00e9rivation d&#039;urine PeePot, 3 paquets gratuits de sacs compostables (20 l)<\/p>\n<p>Cuvette et corps de toilette : en acier inoxydable, y compris le drainage urinaire PeePot 10.4<br \/>\nSi\u00e8ge de toilette : en bambou<br \/>\nRaccord (3\/4&quot;) : pour ligne d&#039;urine ou bidon d&#039;urine<br \/>\nRaccordement : pour air d&#039;\u00e9chappement, filtre \u00e0 air et\/ou distributeur \u00e9pandeur<br \/>\nBidon d&#039;urine : 10 l<br \/>\nConteneur de solides : 10 l ; en plastique; peut \u00eatre scell\u00e9 herm\u00e9tiquement ; La plaque de base du tiroir de Liloo guide le conteneur dans la position optimale<br \/>\nKit de nettoyage : pince \u00e0 \u00e9piler et tamis PeePot pour nettoyer la goutti\u00e8re PeePot<br \/>\nDocuments : \u00ab Manuel \u00bb d&#039;installation du Liloo et affiche \u00ab Mode d&#039;emploi \u00bb \u00e0 accrocher pour vos invit\u00e9s<\/p>","protected":false},"excerpt":{"rendered":"<p>N.B. Die Toilette kann nur auf Rechnung bestellt werden. Der Versand wird separat berechnet. Bitte kontaktieren Sie uns f\u00fcr eine Offerte. Die Lieferung dauert ca. 3 Wochen. Die Liloo wurde f\u00fcr den zuverl\u00e4ssigen Gebrauch im Haus, Garten und Wagen von Finizio entwickelt. Hier spielen Geruchsvermeidung, flexible Installation auf engem Raum und langfristige Funktionalit\u00e4t entscheidende Rollen. [&hellip;]<\/p>","protected":false},"featured_media":7813,"template":"","meta":{"_acf_changed":false},"product_brand":[],"product_cat":[208],"product_tag":[],"class_list":{"0":"post-7809","1":"product","2":"type-product","3":"status-publish","4":"has-post-thumbnail","6":"product_cat-trockentoiletten","7":"product_shipping_class-custom-more-31-kg","9":"first","10":"instock","11":"taxable","12":"shipping-taxable","13":"purchasable","14":"product-type-simple"},"acf":[],"_links":{"self":[{"href":"https:\/\/vuna.ch\/fr\/wp-json\/wp\/v2\/product\/7809","targetHints":{"allow":["GET"]}}],"collection":[{"href":"https:\/\/vuna.ch\/fr\/wp-json\/wp\/v2\/product"}],"about":[{"href":"https:\/\/vuna.ch\/fr\/wp-json\/wp\/v2\/types\/product"}],"wp:featuredmedia":[{"embeddable":true,"href":"https:\/\/vuna.ch\/fr\/wp-json\/wp\/v2\/media\/7813"}],"wp:attachment":[{"href":"https:\/\/vuna.ch\/fr\/wp-json\/wp\/v2\/media?parent=7809"}],"wp:term":[{"taxonomy":"product_brand","embeddable":true,"href":"https:\/\/vuna.ch\/fr\/wp-json\/wp\/v2\/product_brand?post=7809"},{"taxonomy":"product_cat","embeddable":true,"href":"https:\/\/vuna.ch\/fr\/wp-json\/wp\/v2\/product_cat?post=7809"},{"taxonomy":"product_tag","embeddable":true,"href":"https:\/\/vuna.ch\/fr\/wp-json\/wp\/v2\/product_tag?post=7809"}],"curies":[{"name":"wp","href":"https:\/\/api.w.org\/{rel}","templated":true}]}}