{"id":433,"date":"2025-03-18T23:36:06","date_gmt":"2025-03-18T22:36:06","guid":{"rendered":"https:\/\/wp.vuna.ch\/?post_type=product&#038;p=433"},"modified":"2026-01-15T16:37:38","modified_gmt":"2026-01-15T15:37:38","slug":"pflanzenkohle-1-2-m3-big-bag","status":"publish","type":"product","link":"https:\/\/vuna.ch\/fr\/product\/biochar-1-2-m3-big-bag\/","title":{"rendered":"Big Bag de biochar 1,2 m3"},"content":{"rendered":"<p>Le compl\u00e9ment id\u00e9al \u00e0 l&#039;Aurin pour le substrat de vos plantes. M\u00e9lang\u00e9 \u00e0 du terreau, le biochar agit comme une \u00e9ponge et stocke l&#039;eau et les nutriments.<\/p>\n<p>Diff\u00e9rentes granulom\u00e9tries disponibles<\/p>\n<p>Prix incluant la livraison<\/p>","protected":false},"excerpt":{"rendered":"<p>Le compl\u00e9ment id\u00e9al \u00e0 l&#039;Aurin pour votre substrat v\u00e9g\u00e9tal. M\u00e9lang\u00e9 \u00e0 du terreau, le biochar agit comme une \u00e9ponge, retenant l&#039;eau et les nutriments. Diff\u00e9rentes granulom\u00e9tries sont disponibles. Livraison incluse.<\/p>","protected":false},"featured_media":434,"template":"","meta":{"_acf_changed":false},"product_brand":[],"product_cat":[195],"product_tag":[],"class_list":{"0":"post-433","1":"product","2":"type-product","3":"status-publish","4":"has-post-thumbnail","6":"product_cat-pflanzenkohle","8":"first","9":"instock","10":"taxable","11":"shipping-taxable","12":"purchasable","13":"product-type-simple"},"acf":[],"_links":{"self":[{"href":"https:\/\/vuna.ch\/fr\/wp-json\/wp\/v2\/product\/433","targetHints":{"allow":["GET"]}}],"collection":[{"href":"https:\/\/vuna.ch\/fr\/wp-json\/wp\/v2\/product"}],"about":[{"href":"https:\/\/vuna.ch\/fr\/wp-json\/wp\/v2\/types\/product"}],"wp:featuredmedia":[{"embeddable":true,"href":"https:\/\/vuna.ch\/fr\/wp-json\/wp\/v2\/media\/434"}],"wp:attachment":[{"href":"https:\/\/vuna.ch\/fr\/wp-json\/wp\/v2\/media?parent=433"}],"wp:term":[{"taxonomy":"product_brand","embeddable":true,"href":"https:\/\/vuna.ch\/fr\/wp-json\/wp\/v2\/product_brand?post=433"},{"taxonomy":"product_cat","embeddable":true,"href":"https:\/\/vuna.ch\/fr\/wp-json\/wp\/v2\/product_cat?post=433"},{"taxonomy":"product_tag","embeddable":true,"href":"https:\/\/vuna.ch\/fr\/wp-json\/wp\/v2\/product_tag?post=433"}],"curies":[{"name":"wp","href":"https:\/\/api.w.org\/{rel}","templated":true}]}}