{"id":430,"date":"2025-03-18T23:32:46","date_gmt":"2025-03-18T22:32:46","guid":{"rendered":"https:\/\/wp.vuna.ch\/?post_type=product&amp;p=430"},"modified":"2025-04-02T10:04:53","modified_gmt":"2025-04-02T09:04:53","slug":"miete-hach-sigma-900-max","status":"publish","type":"product","link":"https:\/\/vuna.ch\/fr\/product\/louer-hach-sigma-900-max\/","title":{"rendered":"Location d'un bateau : Hach Sigma 900 Max"},"content":{"rendered":"<p>\u00c9chantillonneur automatique pour le pr\u00e9l\u00e8vement d&#039;\u00e9chantillons d&#039;eau.<\/p>\n<ul>\n<li>24 bouteilles (1000 ml chacune)<\/li>\n<li>prise CEE 7\/7<\/li>\n<li>Avec couvercle<\/li>\n<li data-start=\"61\" data-end=\"136\">Convient aux polluants conventionnels et toxiques ainsi qu&#039;aux solides en suspension<\/li>\n<li data-start=\"137\" data-end=\"220\">\u00c9chantillonnage contr\u00f4l\u00e9 par le temps (1 \u00e0 9999 minutes) ou proportionnel au d\u00e9bit (1 \u00e0 9999 impulsions)<\/li>\n<\/ul>\n<p>Frais de base 100 CHF + 100 CHF par mois.<\/p>","protected":false},"excerpt":{"rendered":"<p>\u00c9chantillonneur automatique pour le pr\u00e9l\u00e8vement d&#039;\u00e9chantillons d&#039;eau. 24 flacons (1000 ml chacun) avec connecteur CEE 7\/7. Avec couvercle. Convient aux polluants conventionnels et toxiques, ainsi qu&#039;aux mati\u00e8res en suspension. L&#039;\u00e9chantillonnage est temporis\u00e9 (1 \u00e0 9999 minutes) ou proportionnel au d\u00e9bit (1 \u00e0 9999 impulsions). Forfait de base\u00a0: 100\u00a0CHF + 100\u00a0CHF par mois.<\/p>","protected":false},"featured_media":431,"template":"","meta":{"_acf_changed":false},"product_brand":[],"product_cat":[56],"product_tag":[],"class_list":{"0":"post-430","1":"product","2":"type-product","3":"status-publish","4":"has-post-thumbnail","6":"product_cat-unkategorisiert","7":"product_shipping_class-custom-more-31-kg","9":"first","10":"instock","11":"taxable","12":"shipping-taxable","13":"purchasable","14":"product-type-simple"},"acf":[],"_links":{"self":[{"href":"https:\/\/vuna.ch\/fr\/wp-json\/wp\/v2\/product\/430","targetHints":{"allow":["GET"]}}],"collection":[{"href":"https:\/\/vuna.ch\/fr\/wp-json\/wp\/v2\/product"}],"about":[{"href":"https:\/\/vuna.ch\/fr\/wp-json\/wp\/v2\/types\/product"}],"wp:featuredmedia":[{"embeddable":true,"href":"https:\/\/vuna.ch\/fr\/wp-json\/wp\/v2\/media\/431"}],"wp:attachment":[{"href":"https:\/\/vuna.ch\/fr\/wp-json\/wp\/v2\/media?parent=430"}],"wp:term":[{"taxonomy":"product_brand","embeddable":true,"href":"https:\/\/vuna.ch\/fr\/wp-json\/wp\/v2\/product_brand?post=430"},{"taxonomy":"product_cat","embeddable":true,"href":"https:\/\/vuna.ch\/fr\/wp-json\/wp\/v2\/product_cat?post=430"},{"taxonomy":"product_tag","embeddable":true,"href":"https:\/\/vuna.ch\/fr\/wp-json\/wp\/v2\/product_tag?post=430"}],"curies":[{"name":"wp","href":"https:\/\/api.w.org\/{rel}","templated":true}]}}