{"id":425,"date":"2025-03-18T23:25:32","date_gmt":"2025-03-18T22:25:32","guid":{"rendered":"https:\/\/wp.vuna.ch\/?post_type=product&amp;p=425"},"modified":"2025-04-02T10:04:10","modified_gmt":"2025-04-02T09:04:10","slug":"bemalter-schachtdeckel","status":"publish","type":"product","link":"https:\/\/vuna.ch\/fr\/product\/couvercle-de-puits-peint\/","title":{"rendered":"Couvercle de regard peint"},"content":{"rendered":"<p>Couvercle de regard peint avec art - embellit votre installation de traitement d'eau et soutient le traitement durable de l'eau en Ukraine !<\/p>\n<p>Projet : \"Protect Our Mother Nature\" - couvercles de puits peints par Veronika, artiste ukrainienne<br \/>\nObjet du don : Ton don soutient l'Ecostation, qui a d\u00e9velopp\u00e9 un syst\u00e8me durable de traitement de l'eau en Ukraine gr\u00e2ce aux Biopots. Elle promeut en outre des ateliers et l'\u00e9ducation \u00e0 l'environnement.<\/p>\n<p><a href=\"https:\/\/www.youtube.com\/watch?v=Ysf5dKeGsSE\">Lien vers la vid\u00e9o du projet<\/a><\/p>","protected":false},"excerpt":{"rendered":"<p>Plaque d&#039;\u00e9gout peinte avec art \u2013 embellissez votre station d&#039;\u00e9puration et soutenez le traitement durable de l&#039;eau en Ukraine\u00a0! Projet\u00a0: \u00ab\u00a0Prot\u00e9gez notre m\u00e8re nature\u00a0\u00bb \u2013 Plaques d&#039;\u00e9gout peintes par Veronika, une artiste ukrainienne. Objectif du don\u00a0: Votre don soutient Ecostation, qui a d\u00e9velopp\u00e9 un syst\u00e8me durable de traitement de l&#039;eau en Ukraine avec des Biopots. L&#039;association soutient \u00e9galement des ateliers et des actions de sensibilisation \u00e0 l&#039;environnement. Lien vers la vid\u00e9o [\u2026]<\/p>","protected":false},"featured_media":424,"template":"","meta":{"_acf_changed":false},"product_brand":[],"product_cat":[56],"product_tag":[],"class_list":{"0":"post-425","1":"product","2":"type-product","3":"status-publish","4":"has-post-thumbnail","6":"product_cat-unkategorisiert","7":"product_shipping_class-custom-more-31-kg","9":"first","10":"instock","11":"taxable","12":"shipping-taxable","13":"purchasable","14":"product-type-simple"},"acf":[],"_links":{"self":[{"href":"https:\/\/vuna.ch\/fr\/wp-json\/wp\/v2\/product\/425","targetHints":{"allow":["GET"]}}],"collection":[{"href":"https:\/\/vuna.ch\/fr\/wp-json\/wp\/v2\/product"}],"about":[{"href":"https:\/\/vuna.ch\/fr\/wp-json\/wp\/v2\/types\/product"}],"wp:featuredmedia":[{"embeddable":true,"href":"https:\/\/vuna.ch\/fr\/wp-json\/wp\/v2\/media\/424"}],"wp:attachment":[{"href":"https:\/\/vuna.ch\/fr\/wp-json\/wp\/v2\/media?parent=425"}],"wp:term":[{"taxonomy":"product_brand","embeddable":true,"href":"https:\/\/vuna.ch\/fr\/wp-json\/wp\/v2\/product_brand?post=425"},{"taxonomy":"product_cat","embeddable":true,"href":"https:\/\/vuna.ch\/fr\/wp-json\/wp\/v2\/product_cat?post=425"},{"taxonomy":"product_tag","embeddable":true,"href":"https:\/\/vuna.ch\/fr\/wp-json\/wp\/v2\/product_tag?post=425"}],"curies":[{"name":"wp","href":"https:\/\/api.w.org\/{rel}","templated":true}]}}