{"id":422,"date":"2025-03-18T23:16:08","date_gmt":"2025-03-18T22:16:08","guid":{"rendered":"https:\/\/wp.vuna.ch\/?post_type=product&amp;p=422"},"modified":"2025-04-02T10:05:20","modified_gmt":"2025-04-02T09:05:20","slug":"spende-eines-biopots","status":"publish","type":"product","link":"https:\/\/vuna.ch\/fr\/product\/don-dun-biopot\/","title":{"rendered":"Don d'un biopot"},"content":{"rendered":"<p>Soutenez le traitement durable de l'eau en Ukraine - faites don d'un Biopot !<\/p>\n<p>Le syst\u00e8me Biopot : Syst\u00e8me de traitement de l'eau qui nettoie naturellement les eaux us\u00e9es domestiques avec du charbon v\u00e9g\u00e9tal. Le charbon v\u00e9g\u00e9tal usag\u00e9 est utilis\u00e9 comme amendement de sol.<br \/>\nObjet du don : financement d'un biopot pour l'Ecostation \/ ou l\u00e0 o\u00f9 cela est n\u00e9cessaire dans les environs.<\/p>\n<p><a href=\"https:\/\/www.youtube.com\/watch?v=Ysf5dKeGsSE\">Lien vers la vid\u00e9o du projet<\/a><\/p>","protected":false},"excerpt":{"rendered":"<p>Soutenez le traitement durable de l&#039;eau en Ukraine \u2013 faites don d&#039;un Biopot ! Biopot : un syst\u00e8me de traitement de l&#039;eau utilisant du biochar pour purifier naturellement les eaux us\u00e9es domestiques. Le biochar utilis\u00e9 est utilis\u00e9 comme amendement de sol. Objectif du don : financer un Biopot pour l&#039;\u00c9costation ou tout autre projet de la r\u00e9gion. Lien vers la vid\u00e9o du projet.<\/p>","protected":false},"featured_media":423,"template":"","meta":{"_acf_changed":false},"product_brand":[],"product_cat":[56,193],"product_tag":[],"class_list":{"0":"post-422","1":"product","2":"type-product","3":"status-publish","4":"has-post-thumbnail","6":"product_cat-unkategorisiert","7":"product_cat-installationen","8":"product_shipping_class-custom-more-31-kg","10":"first","11":"instock","12":"taxable","13":"shipping-taxable","14":"purchasable","15":"product-type-simple"},"acf":[],"_links":{"self":[{"href":"https:\/\/vuna.ch\/fr\/wp-json\/wp\/v2\/product\/422","targetHints":{"allow":["GET"]}}],"collection":[{"href":"https:\/\/vuna.ch\/fr\/wp-json\/wp\/v2\/product"}],"about":[{"href":"https:\/\/vuna.ch\/fr\/wp-json\/wp\/v2\/types\/product"}],"wp:featuredmedia":[{"embeddable":true,"href":"https:\/\/vuna.ch\/fr\/wp-json\/wp\/v2\/media\/423"}],"wp:attachment":[{"href":"https:\/\/vuna.ch\/fr\/wp-json\/wp\/v2\/media?parent=422"}],"wp:term":[{"taxonomy":"product_brand","embeddable":true,"href":"https:\/\/vuna.ch\/fr\/wp-json\/wp\/v2\/product_brand?post=422"},{"taxonomy":"product_cat","embeddable":true,"href":"https:\/\/vuna.ch\/fr\/wp-json\/wp\/v2\/product_cat?post=422"},{"taxonomy":"product_tag","embeddable":true,"href":"https:\/\/vuna.ch\/fr\/wp-json\/wp\/v2\/product_tag?post=422"}],"curies":[{"name":"wp","href":"https:\/\/api.w.org\/{rel}","templated":true}]}}