{"id":417,"date":"2025-03-18T23:12:22","date_gmt":"2025-03-18T22:12:22","guid":{"rendered":"https:\/\/wp.vuna.ch\/?post_type=product&#038;p=417"},"modified":"2026-01-15T16:27:15","modified_gmt":"2026-01-15T15:27:15","slug":"vuna-logo-auf-sperrholzplatte","status":"publish","type":"product","link":"https:\/\/vuna.ch\/fr\/product\/logo-vuna-sur-panneau-de-contreplaque\/","title":{"rendered":"Logo Vuna sur panneau de contreplaqu\u00e9"},"content":{"rendered":"<p>Peut \u00eatre facilement fix\u00e9 avec des vis.<\/p>","protected":false},"excerpt":{"rendered":"<p>Peut \u00eatre facilement fix\u00e9 avec des vis.<\/p>","protected":false},"featured_media":418,"template":"","meta":{"_acf_changed":false},"product_brand":[],"product_cat":[56],"product_tag":[],"class_list":{"0":"post-417","1":"product","2":"type-product","3":"status-publish","4":"has-post-thumbnail","6":"product_cat-unkategorisiert","7":"product_shipping_class-books-and-postcards","9":"first","10":"instock","11":"taxable","12":"shipping-taxable","13":"purchasable","14":"product-type-simple"},"acf":[],"_links":{"self":[{"href":"https:\/\/vuna.ch\/fr\/wp-json\/wp\/v2\/product\/417","targetHints":{"allow":["GET"]}}],"collection":[{"href":"https:\/\/vuna.ch\/fr\/wp-json\/wp\/v2\/product"}],"about":[{"href":"https:\/\/vuna.ch\/fr\/wp-json\/wp\/v2\/types\/product"}],"wp:featuredmedia":[{"embeddable":true,"href":"https:\/\/vuna.ch\/fr\/wp-json\/wp\/v2\/media\/418"}],"wp:attachment":[{"href":"https:\/\/vuna.ch\/fr\/wp-json\/wp\/v2\/media?parent=417"}],"wp:term":[{"taxonomy":"product_brand","embeddable":true,"href":"https:\/\/vuna.ch\/fr\/wp-json\/wp\/v2\/product_brand?post=417"},{"taxonomy":"product_cat","embeddable":true,"href":"https:\/\/vuna.ch\/fr\/wp-json\/wp\/v2\/product_cat?post=417"},{"taxonomy":"product_tag","embeddable":true,"href":"https:\/\/vuna.ch\/fr\/wp-json\/wp\/v2\/product_tag?post=417"}],"curies":[{"name":"wp","href":"https:\/\/api.w.org\/{rel}","templated":true}]}}