{"id":413,"date":"2025-03-18T23:06:57","date_gmt":"2025-03-18T22:06:57","guid":{"rendered":"https:\/\/wp.vuna.ch\/?post_type=product&#038;p=413"},"modified":"2026-01-15T16:25:03","modified_gmt":"2026-01-15T15:25:03","slug":"vuna-kleber","status":"publish","type":"product","link":"https:\/\/vuna.ch\/fr\/product\/colle-vuna\/","title":{"rendered":"Autocollant Vuna"},"content":{"rendered":"<p>L&#039;adh\u00e9sif Vuna est brillant, a un fond transparent et adh\u00e8re tr\u00e8s bien \u00e0 divers mat\u00e9riaux.<\/p>\n<p>Que signifie r\u00e9ellement Vuna ?<\/p>\n<p>Vuna signifie \u00ab r\u00e9colte \u00bb en isiZulu, la langue du peuple zoulou d\u2019Afrique du Sud. VUNA a \u00e9t\u00e9 cr\u00e9\u00e9 en 2010 en tant que projet parce que la ville de Durban (Afrique du Sud) cherchait une utilisation pour de grandes quantit\u00e9s d&#039;urine collect\u00e9es s\u00e9par\u00e9ment. En 2016, la soci\u00e9t\u00e9 Vuna GmbH est n\u00e9e de l&#039;ancien projet VUNA.<\/p>","protected":false},"excerpt":{"rendered":"<p>Der Vuna-Kleber ist gl\u00e4nzend, hat einen durchsichtigen Hintergrund und klebt sehr gut auf diversen Materialien. Was bedeutet Vuna \u00fcberhapt? Vuna bedeutet \u201eErnte\u201c auf isiZulu, der Sprache der Zulu in S\u00fcdafrika. Entstanden ist VUNA 2010 als Projekt, da die Stadt Durban (S\u00fcdafrika) eine Verwendung f\u00fcr grosse Mengen an separat gesammeltem Urin suchte. 2016 entstand aus dem [&hellip;]<\/p>","protected":false},"featured_media":414,"template":"","meta":{"_acf_changed":false},"product_brand":[],"product_cat":[56],"product_tag":[],"class_list":{"0":"post-413","1":"product","2":"type-product","3":"status-publish","4":"has-post-thumbnail","6":"product_cat-unkategorisiert","7":"product_shipping_class-books-and-postcards","9":"first","10":"instock","11":"taxable","12":"shipping-taxable","13":"purchasable","14":"product-type-simple"},"acf":[],"_links":{"self":[{"href":"https:\/\/vuna.ch\/fr\/wp-json\/wp\/v2\/product\/413","targetHints":{"allow":["GET"]}}],"collection":[{"href":"https:\/\/vuna.ch\/fr\/wp-json\/wp\/v2\/product"}],"about":[{"href":"https:\/\/vuna.ch\/fr\/wp-json\/wp\/v2\/types\/product"}],"wp:featuredmedia":[{"embeddable":true,"href":"https:\/\/vuna.ch\/fr\/wp-json\/wp\/v2\/media\/414"}],"wp:attachment":[{"href":"https:\/\/vuna.ch\/fr\/wp-json\/wp\/v2\/media?parent=413"}],"wp:term":[{"taxonomy":"product_brand","embeddable":true,"href":"https:\/\/vuna.ch\/fr\/wp-json\/wp\/v2\/product_brand?post=413"},{"taxonomy":"product_cat","embeddable":true,"href":"https:\/\/vuna.ch\/fr\/wp-json\/wp\/v2\/product_cat?post=413"},{"taxonomy":"product_tag","embeddable":true,"href":"https:\/\/vuna.ch\/fr\/wp-json\/wp\/v2\/product_tag?post=413"}],"curies":[{"name":"wp","href":"https:\/\/api.w.org\/{rel}","templated":true}]}}