{"id":403,"date":"2025-03-18T17:23:38","date_gmt":"2025-03-18T16:23:38","guid":{"rendered":"https:\/\/wp.vuna.ch\/?post_type=product&#038;p=403"},"modified":"2026-01-15T16:22:06","modified_gmt":"2026-01-15T15:22:06","slug":"aco-lipumobil-p","status":"publish","type":"product","link":"https:\/\/vuna.ch\/fr\/product\/aco-lipumobil-p\/","title":{"rendered":"ACO LipuMobil-P (Occasion)"},"content":{"rendered":"<p>S\u00e9parateur de graisse pour d\u00e9bit max. 0,8 l\/s, entr\u00e9e et sortie DN50.<br \/>\nConception : avec un bac de r\u00e9cup\u00e9ration des graisses (10 L) mont\u00e9 \u00e0 gauche dans le sens de l&#039;\u00e9coulement et un drain inf\u00e9rieur pour une vidange facile.<\/p>\n<p>Id\u00e9al pour une utilisation mobile et les petites cuisines professionnelles. D&#039;occasion, mais en bon \u00e9tat.<\/p>","protected":false},"excerpt":{"rendered":"<p>Fettabscheider f\u00fcr max. Volumenstrom 0.8 l\/s, Zu- und Ablauf DN50. Ausf\u00fchrung: mit Fettsammelbeh\u00e4lter (10 L) montiert in Fliessrichtung links und Grundablass zur einfachen Entleerung. Ideal f\u00fcr den mobilen Einsatz und kleine gewerbliche K\u00fcchen. Gebraucht aber gut erhalten.<\/p>","protected":false},"featured_media":7913,"template":"","meta":{"_acf_changed":false},"product_brand":[],"product_cat":[194],"product_tag":[],"class_list":{"0":"post-403","1":"product","2":"type-product","3":"status-publish","4":"has-post-thumbnail","6":"product_cat-occasion","7":"product_shipping_class-custom-more-31-kg","9":"first","10":"instock","11":"sale","12":"taxable","13":"shipping-taxable","14":"purchasable","15":"product-type-simple"},"acf":[],"_links":{"self":[{"href":"https:\/\/vuna.ch\/fr\/wp-json\/wp\/v2\/product\/403","targetHints":{"allow":["GET"]}}],"collection":[{"href":"https:\/\/vuna.ch\/fr\/wp-json\/wp\/v2\/product"}],"about":[{"href":"https:\/\/vuna.ch\/fr\/wp-json\/wp\/v2\/types\/product"}],"wp:featuredmedia":[{"embeddable":true,"href":"https:\/\/vuna.ch\/fr\/wp-json\/wp\/v2\/media\/7913"}],"wp:attachment":[{"href":"https:\/\/vuna.ch\/fr\/wp-json\/wp\/v2\/media?parent=403"}],"wp:term":[{"taxonomy":"product_brand","embeddable":true,"href":"https:\/\/vuna.ch\/fr\/wp-json\/wp\/v2\/product_brand?post=403"},{"taxonomy":"product_cat","embeddable":true,"href":"https:\/\/vuna.ch\/fr\/wp-json\/wp\/v2\/product_cat?post=403"},{"taxonomy":"product_tag","embeddable":true,"href":"https:\/\/vuna.ch\/fr\/wp-json\/wp\/v2\/product_tag?post=403"}],"curies":[{"name":"wp","href":"https:\/\/api.w.org\/{rel}","templated":true}]}}