{"id":289,"date":"2025-03-03T22:32:13","date_gmt":"2025-03-03T21:32:13","guid":{"rendered":"https:\/\/wp.vuna.ch\/?post_type=product&amp;p=289"},"modified":"2025-04-02T10:04:30","modified_gmt":"2025-04-02T09:04:30","slug":"ersatz-verschlusskappen-fur-lineguard-membranmodul","status":"publish","type":"product","link":"https:\/\/vuna.ch\/fr\/product\/capuchons-de-remplacement-pour-module-a-membrane-lineguard\/","title":{"rendered":"Bouchons de rechange pour module \u00e0 membrane LineGuard"},"content":{"rendered":"<p>Bouchons pour 1 module membranaire du syst\u00e8me d&#039;ultrafiltration LineGuard UF-100. Kit compos\u00e9 de :<br \/>\n\u2013 2 bouchons environ. 18 mm<br \/>\n\u2013 1 bouchon trou environ. 13 mm<\/p>","protected":false},"excerpt":{"rendered":"<p>Bouchons d&#039;\u00e9tanch\u00e9it\u00e9 pour 1 module membranaire du syst\u00e8me d&#039;ultrafiltration LineGuard UF-100. Le kit comprend\u00a0: \u2013 2 bouchons d&#039;environ 18\u00a0mm \u2013 1 bouchon d&#039;environ 13\u00a0mm<\/p>","protected":false},"featured_media":328,"template":"","meta":{"_acf_changed":false},"product_brand":[],"product_cat":[207,200],"product_tag":[],"class_list":{"0":"post-289","1":"product","2":"type-product","3":"status-publish","4":"has-post-thumbnail","6":"product_cat-filterersatzteile-und-zubehor","7":"product_cat-trinkwasserfilter","8":"product_shipping_class-regular","10":"first","11":"instock","12":"taxable","13":"shipping-taxable","14":"purchasable","15":"product-type-simple"},"acf":[],"_links":{"self":[{"href":"https:\/\/vuna.ch\/fr\/wp-json\/wp\/v2\/product\/289","targetHints":{"allow":["GET"]}}],"collection":[{"href":"https:\/\/vuna.ch\/fr\/wp-json\/wp\/v2\/product"}],"about":[{"href":"https:\/\/vuna.ch\/fr\/wp-json\/wp\/v2\/types\/product"}],"wp:featuredmedia":[{"embeddable":true,"href":"https:\/\/vuna.ch\/fr\/wp-json\/wp\/v2\/media\/328"}],"wp:attachment":[{"href":"https:\/\/vuna.ch\/fr\/wp-json\/wp\/v2\/media?parent=289"}],"wp:term":[{"taxonomy":"product_brand","embeddable":true,"href":"https:\/\/vuna.ch\/fr\/wp-json\/wp\/v2\/product_brand?post=289"},{"taxonomy":"product_cat","embeddable":true,"href":"https:\/\/vuna.ch\/fr\/wp-json\/wp\/v2\/product_cat?post=289"},{"taxonomy":"product_tag","embeddable":true,"href":"https:\/\/vuna.ch\/fr\/wp-json\/wp\/v2\/product_tag?post=289"}],"curies":[{"name":"wp","href":"https:\/\/api.w.org\/{rel}","templated":true}]}}