{"id":286,"date":"2025-03-03T22:32:13","date_gmt":"2025-03-03T21:32:13","guid":{"rendered":"https:\/\/wp.vuna.ch\/?post_type=product&amp;p=286"},"modified":"2025-04-02T10:05:07","modified_gmt":"2025-04-02T09:05:07","slug":"poster-pisseuses","status":"publish","type":"product","link":"https:\/\/vuna.ch\/fr\/product\/affiche-de-pisse\/","title":{"rendered":"Poster \"Pisseuses"},"content":{"rendered":"<div id=\"content_description\" class=\"ty-wysiwyg-content content-description\" data-ab-smc-tab-hide=\"N|N\" data-ab-smc-more=\"Mehr\" data-ab-smc-less=\"Less\" data-ab-smc-height=\"250\">\n<div>\n<p><strong>Affiche de recherche et d\u00e9veloppement de l&#039;urinoir f\u00e9minin \u00ab Marcelle \u00bb (www.urinoirmarcelle.fr)\u00a0<\/strong><\/p>\n<p>Les \u00ab Pisseuses \u00bb montrent \u00e0 quel point les femmes se positionnent diff\u00e9remment lorsqu\u2019elles urinent. La designer industrielle Louise Raguet de Paris a d\u00e9velopp\u00e9 l\u2019urinoir \u00ab Marcelle \u00bb \u00e0 partir de ses travaux de recherche afin de rendre le plus possible justice \u00e0 cette grande diversit\u00e9.<\/p>\n<p>Impression d&#039;art de haute qualit\u00e9 40 x 60 cm<\/p>\n<p>@ Urinoir Marcelle, Louise Raguet, 2019.<\/p>\n<\/div>\n<\/div>","protected":false},"excerpt":{"rendered":"<p>Affiche de la recherche et du d\u00e9veloppement de l&#039;urinoir pour femme \u00ab Marcelle \u00bb<\/p>","protected":false},"featured_media":324,"template":"","meta":{"_acf_changed":false},"product_brand":[],"product_cat":[56],"product_tag":[],"class_list":{"0":"post-286","1":"product","2":"type-product","3":"status-publish","4":"has-post-thumbnail","6":"product_cat-unkategorisiert","7":"product_shipping_class-books-and-postcards","9":"first","10":"instock","11":"taxable","12":"shipping-taxable","13":"purchasable","14":"product-type-simple"},"acf":[],"_links":{"self":[{"href":"https:\/\/vuna.ch\/fr\/wp-json\/wp\/v2\/product\/286","targetHints":{"allow":["GET"]}}],"collection":[{"href":"https:\/\/vuna.ch\/fr\/wp-json\/wp\/v2\/product"}],"about":[{"href":"https:\/\/vuna.ch\/fr\/wp-json\/wp\/v2\/types\/product"}],"wp:featuredmedia":[{"embeddable":true,"href":"https:\/\/vuna.ch\/fr\/wp-json\/wp\/v2\/media\/324"}],"wp:attachment":[{"href":"https:\/\/vuna.ch\/fr\/wp-json\/wp\/v2\/media?parent=286"}],"wp:term":[{"taxonomy":"product_brand","embeddable":true,"href":"https:\/\/vuna.ch\/fr\/wp-json\/wp\/v2\/product_brand?post=286"},{"taxonomy":"product_cat","embeddable":true,"href":"https:\/\/vuna.ch\/fr\/wp-json\/wp\/v2\/product_cat?post=286"},{"taxonomy":"product_tag","embeddable":true,"href":"https:\/\/vuna.ch\/fr\/wp-json\/wp\/v2\/product_tag?post=286"}],"curies":[{"name":"wp","href":"https:\/\/api.w.org\/{rel}","templated":true}]}}