{"id":285,"date":"2025-03-03T22:32:13","date_gmt":"2025-03-03T21:32:13","guid":{"rendered":"https:\/\/wp.vuna.ch\/?post_type=product&#038;p=285"},"modified":"2025-04-23T09:50:42","modified_gmt":"2025-04-23T08:50:42","slug":"holy-shit-buch","status":"publish","type":"product","link":"https:\/\/vuna.ch\/fr\/product\/putain-de-livre\/","title":{"rendered":"Holy Shit (livre)"},"content":{"rendered":"<div id=\"content_description\" class=\"ty-wysiwyg-content content-description\" data-ab-smc-tab-hide=\"N|N\" data-ab-smc-more=\"Mehr\" data-ab-smc-less=\"Less\" data-ab-smc-height=\"250\">\n<div>\n<p>Dans Holy Shit, Anette Jensen raconte comment la valeur de notre h\u00e9ritage a \u00e9t\u00e9 oubli\u00e9e et explique pourquoi cela nuit non seulement \u00e0 l\u2019environnement et au climat, mais aussi \u00e0 notre sant\u00e9. \u00c0 l\u2019aide d\u2019exemples tr\u00e8s concrets, elle montre comment le cycle des nutriments, fondamental pour nos vies, peut \u00eatre restaur\u00e9 \u2013 et o\u00f9 cela se produit d\u00e9j\u00e0.<\/p>\n<p>Date de sortie : octobre 2023.<\/p>\n<\/div>\n<\/div>","protected":false},"excerpt":{"rendered":"<p>Dans Holy Shit, Anette Jensen raconte comment la valeur de notre h\u00e9ritage a \u00e9t\u00e9 oubli\u00e9e et explique pourquoi cela nuit non seulement \u00e0 l\u2019environnement et au climat, mais aussi \u00e0 notre sant\u00e9.<\/p>","protected":false},"featured_media":323,"template":"","meta":{"_acf_changed":false},"product_brand":[],"product_cat":[56],"product_tag":[],"class_list":{"0":"post-285","1":"product","2":"type-product","3":"status-publish","4":"has-post-thumbnail","6":"product_cat-unkategorisiert","7":"product_shipping_class-books-and-postcards","9":"first","10":"instock","11":"taxable","12":"shipping-taxable","13":"purchasable","14":"product-type-simple"},"acf":[],"_links":{"self":[{"href":"https:\/\/vuna.ch\/fr\/wp-json\/wp\/v2\/product\/285","targetHints":{"allow":["GET"]}}],"collection":[{"href":"https:\/\/vuna.ch\/fr\/wp-json\/wp\/v2\/product"}],"about":[{"href":"https:\/\/vuna.ch\/fr\/wp-json\/wp\/v2\/types\/product"}],"wp:featuredmedia":[{"embeddable":true,"href":"https:\/\/vuna.ch\/fr\/wp-json\/wp\/v2\/media\/323"}],"wp:attachment":[{"href":"https:\/\/vuna.ch\/fr\/wp-json\/wp\/v2\/media?parent=285"}],"wp:term":[{"taxonomy":"product_brand","embeddable":true,"href":"https:\/\/vuna.ch\/fr\/wp-json\/wp\/v2\/product_brand?post=285"},{"taxonomy":"product_cat","embeddable":true,"href":"https:\/\/vuna.ch\/fr\/wp-json\/wp\/v2\/product_cat?post=285"},{"taxonomy":"product_tag","embeddable":true,"href":"https:\/\/vuna.ch\/fr\/wp-json\/wp\/v2\/product_tag?post=285"}],"curies":[{"name":"wp","href":"https:\/\/api.w.org\/{rel}","templated":true}]}}