{"id":283,"date":"2025-03-03T22:32:13","date_gmt":"2025-03-03T21:32:13","guid":{"rendered":"https:\/\/wp.vuna.ch\/?post_type=product&amp;p=283"},"modified":"2025-04-02T10:04:53","modified_gmt":"2025-04-02T09:04:53","slug":"lurine-de-lor-liquide-au-jardin-livre","status":"publish","type":"product","link":"https:\/\/vuna.ch\/fr\/product\/lurine-de-lor-liquide-au-jardin-livre\/","title":{"rendered":"L'urine - de l'or liquide au jardin (livre)"},"content":{"rendered":"<div id=\"content_description\" class=\"ty-wysiwyg-content content-description\" data-ab-smc-tab-hide=\"N|N\" data-ab-smc-more=\"Mehr\" data-ab-smc-less=\"Less\" data-ab-smc-height=\"250\">\n<div>\n<p>Le livre est \u00e9galement disponible en allemand (<a href=\"https:\/\/vuna.ch\/fr\/produkt\/urin-fluessiges-buch\/\">voir le num\u00e9ro de produit 3002<\/a>).<\/p>\n<p>Ce livre d\u00e9crit en d\u00e9tail comment l\u2019urine, l\u2019or liquide, peut \u00eatre recycl\u00e9e et utilis\u00e9e comme engrais naturel dans les jardins amateurs et dans l\u2019agriculture. L\u2019urine est une ressource gratuite, riche en azote et en sels min\u00e9raux, qui est tr\u00e8s b\u00e9n\u00e9fique pour la culture des cultures et la biodiversit\u00e9.<\/p>\n<p>par Renaud de Looze<\/p>\n<p>2e \u00e9dition 2018<\/p>\n<p>ISBN 978-2-35981-100-1<\/p>\n<p>\u00c9diteur : Terran Editions<\/p>\n<\/div>\n<\/div>","protected":false},"excerpt":{"rendered":"<p>Ce livre d\u00e9crit en d\u00e9tail comment l\u2019urine, l\u2019or liquide, peut \u00eatre recycl\u00e9e et utilis\u00e9e comme engrais naturel dans les jardins amateurs et dans l\u2019agriculture.<\/p>","protected":false},"featured_media":321,"template":"","meta":{"_acf_changed":false},"product_brand":[],"product_cat":[56],"product_tag":[],"class_list":{"0":"post-283","1":"product","2":"type-product","3":"status-publish","4":"has-post-thumbnail","6":"product_cat-unkategorisiert","7":"product_shipping_class-books-and-postcards","9":"first","10":"instock","11":"taxable","12":"shipping-taxable","13":"purchasable","14":"product-type-simple"},"acf":[],"_links":{"self":[{"href":"https:\/\/vuna.ch\/fr\/wp-json\/wp\/v2\/product\/283","targetHints":{"allow":["GET"]}}],"collection":[{"href":"https:\/\/vuna.ch\/fr\/wp-json\/wp\/v2\/product"}],"about":[{"href":"https:\/\/vuna.ch\/fr\/wp-json\/wp\/v2\/types\/product"}],"wp:featuredmedia":[{"embeddable":true,"href":"https:\/\/vuna.ch\/fr\/wp-json\/wp\/v2\/media\/321"}],"wp:attachment":[{"href":"https:\/\/vuna.ch\/fr\/wp-json\/wp\/v2\/media?parent=283"}],"wp:term":[{"taxonomy":"product_brand","embeddable":true,"href":"https:\/\/vuna.ch\/fr\/wp-json\/wp\/v2\/product_brand?post=283"},{"taxonomy":"product_cat","embeddable":true,"href":"https:\/\/vuna.ch\/fr\/wp-json\/wp\/v2\/product_cat?post=283"},{"taxonomy":"product_tag","embeddable":true,"href":"https:\/\/vuna.ch\/fr\/wp-json\/wp\/v2\/product_tag?post=283"}],"curies":[{"name":"wp","href":"https:\/\/api.w.org\/{rel}","templated":true}]}}