{"id":280,"date":"2025-03-03T22:32:13","date_gmt":"2025-03-03T21:32:13","guid":{"rendered":"https:\/\/wp.vuna.ch\/?post_type=product&#038;p=280"},"modified":"2025-04-23T09:50:07","modified_gmt":"2025-04-23T08:50:07","slug":"urin-flussiges-gold-fur-den-garten-buch","status":"publish","type":"product","link":"https:\/\/vuna.ch\/fr\/product\/livre-durine-liquide-dor-pour-le-jardin\/","title":{"rendered":"L'urine - l'or liquide pour le jardin (livre)"},"content":{"rendered":"<div id=\"content_description\" class=\"ty-wysiwyg-content content-description\" data-ab-smc-tab-hide=\"N|N\" data-ab-smc-more=\"Mehr\" data-ab-smc-less=\"Less\" data-ab-smc-height=\"250\">\n<div>\n<p>Ce livre d\u00e9crit en d\u00e9tail comment l\u2019urine, l\u2019or liquide, peut \u00eatre recycl\u00e9e et utilis\u00e9e comme engrais naturel dans les jardins amateurs et dans l\u2019agriculture. L\u2019urine est une ressource gratuite, riche en azote et en sels min\u00e9raux, qui est tr\u00e8s b\u00e9n\u00e9fique pour la culture des cultures et la biodiversit\u00e9.<\/p>\n<p>par Renaud de Looze<\/p>\n<p>1\u00e8re \u00e9dition 2020<\/p>\n<p>93 pages<\/p>\n<p>ISBN 978-3-947021-14-7<\/p>\n<p>\u00c9diteur : \u00f6kobuch, D-79219 Staufen<\/p>\n<p>Le livre est \u00e9galement disponible en fran\u00e7ais (<a href=\"https:\/\/vuna.ch\/fr\/produkt\/lurine-de-lor-liquide\/\">voir le num\u00e9ro de produit 3003<\/a>).<\/p>\n<\/div>\n<\/div>","protected":false},"excerpt":{"rendered":"<p>Ce livre d\u00e9crit en d\u00e9tail comment l\u2019urine, l\u2019or liquide, peut \u00eatre recycl\u00e9e et utilis\u00e9e comme engrais naturel dans les jardins amateurs et dans l\u2019agriculture.<\/p>","protected":false},"featured_media":312,"template":"","meta":{"_acf_changed":false},"product_brand":[],"product_cat":[56],"product_tag":[],"class_list":{"0":"post-280","1":"product","2":"type-product","3":"status-publish","4":"has-post-thumbnail","6":"product_cat-unkategorisiert","7":"product_shipping_class-regular","9":"first","10":"instock","11":"taxable","12":"shipping-taxable","13":"purchasable","14":"product-type-simple"},"acf":[],"_links":{"self":[{"href":"https:\/\/vuna.ch\/fr\/wp-json\/wp\/v2\/product\/280","targetHints":{"allow":["GET"]}}],"collection":[{"href":"https:\/\/vuna.ch\/fr\/wp-json\/wp\/v2\/product"}],"about":[{"href":"https:\/\/vuna.ch\/fr\/wp-json\/wp\/v2\/types\/product"}],"wp:featuredmedia":[{"embeddable":true,"href":"https:\/\/vuna.ch\/fr\/wp-json\/wp\/v2\/media\/312"}],"wp:attachment":[{"href":"https:\/\/vuna.ch\/fr\/wp-json\/wp\/v2\/media?parent=280"}],"wp:term":[{"taxonomy":"product_brand","embeddable":true,"href":"https:\/\/vuna.ch\/fr\/wp-json\/wp\/v2\/product_brand?post=280"},{"taxonomy":"product_cat","embeddable":true,"href":"https:\/\/vuna.ch\/fr\/wp-json\/wp\/v2\/product_cat?post=280"},{"taxonomy":"product_tag","embeddable":true,"href":"https:\/\/vuna.ch\/fr\/wp-json\/wp\/v2\/product_tag?post=280"}],"curies":[{"name":"wp","href":"https:\/\/api.w.org\/{rel}","templated":true}]}}