{"id":245,"date":"2025-03-03T22:31:43","date_gmt":"2025-03-03T21:31:43","guid":{"rendered":"https:\/\/wp.vuna.ch\/?post_type=product&amp;p=245"},"modified":"2025-04-02T10:04:30","modified_gmt":"2025-04-02T09:04:30","slug":"in-excremis-le-quiz-de-terreau","status":"publish","type":"product","link":"https:\/\/vuna.ch\/fr\/product\/en-excremis-le-quiz-de-terreau\/","title":{"rendered":"In Excremis - Le Quiz de Terr'Eau"},"content":{"rendered":"<p>Le jeu de soci\u00e9t\u00e9 d\u00e9velopp\u00e9 par l&#039;association Terr&#039;Eau.<\/p>\n<p>L\u2019objectif de cet outil de sensibilisation est de faire prendre conscience des interactions entre nos actions humaines et l\u2019environnement dans lequel nous vivons. Cela se fait en abordant les questions sur l\u2019eau et le sol li\u00e9es \u00e0 nos eaux us\u00e9es domestiques et \u00e0 nos pratiques agricoles.<\/p>","protected":false},"excerpt":{"rendered":"<p>Le jeu de soci\u00e9t\u00e9 d\u00e9velopp\u00e9 par l&#039;association Terr&#039;Eau.<\/p>","protected":false},"featured_media":297,"template":"","meta":{"_acf_changed":false},"product_brand":[],"product_cat":[56],"product_tag":[],"class_list":{"0":"post-245","1":"product","2":"type-product","3":"status-publish","4":"has-post-thumbnail","6":"product_cat-unkategorisiert","7":"product_shipping_class-regular","9":"first","10":"instock","11":"taxable","12":"shipping-taxable","13":"purchasable","14":"product-type-simple"},"acf":[],"_links":{"self":[{"href":"https:\/\/vuna.ch\/fr\/wp-json\/wp\/v2\/product\/245","targetHints":{"allow":["GET"]}}],"collection":[{"href":"https:\/\/vuna.ch\/fr\/wp-json\/wp\/v2\/product"}],"about":[{"href":"https:\/\/vuna.ch\/fr\/wp-json\/wp\/v2\/types\/product"}],"wp:featuredmedia":[{"embeddable":true,"href":"https:\/\/vuna.ch\/fr\/wp-json\/wp\/v2\/media\/297"}],"wp:attachment":[{"href":"https:\/\/vuna.ch\/fr\/wp-json\/wp\/v2\/media?parent=245"}],"wp:term":[{"taxonomy":"product_brand","embeddable":true,"href":"https:\/\/vuna.ch\/fr\/wp-json\/wp\/v2\/product_brand?post=245"},{"taxonomy":"product_cat","embeddable":true,"href":"https:\/\/vuna.ch\/fr\/wp-json\/wp\/v2\/product_cat?post=245"},{"taxonomy":"product_tag","embeddable":true,"href":"https:\/\/vuna.ch\/fr\/wp-json\/wp\/v2\/product_tag?post=245"}],"curies":[{"name":"wp","href":"https:\/\/api.w.org\/{rel}","templated":true}]}}