{"id":240,"date":"2025-03-03T22:31:42","date_gmt":"2025-03-03T21:31:42","guid":{"rendered":"https:\/\/wp.vuna.ch\/?post_type=product&amp;p=240"},"modified":"2025-04-02T10:05:19","modified_gmt":"2025-04-02T09:05:19","slug":"sanisphere-sacs-75-cm","status":"publish","type":"product","link":"https:\/\/vuna.ch\/fr\/product\/sacs-sanisphere-75-cm\/","title":{"rendered":"Sanisph\u00e8re - sacs 75 cm"},"content":{"rendered":"<div id=\"content_description\" class=\"ty-wysiwyg-content content-description\" data-ab-smc-tab-hide=\"N|N\" data-ab-smc-more=\"Mehr\" data-ab-smc-less=\"Less\" data-ab-smc-height=\"250\">\n<div>\n<p>Pour Syst\u00e8me Sanisph\u00e8re avec s\u00e9chage des mati\u00e8res f\u00e9cales<\/p>\n<p>Pour syst\u00e8me Sanisph\u00e8re avec mise en sac<\/p>\n<\/div>\n<\/div>","protected":false},"excerpt":{"rendered":"<p>Pour Syst\u00e8me Sanisph\u00e8re avec s\u00e9chage des mati\u00e8res f\u00e9cales<\/p>","protected":false},"featured_media":271,"template":"","meta":{"_acf_changed":false},"product_brand":[],"product_cat":[204],"product_tag":[],"class_list":{"0":"post-240","1":"product","2":"type-product","3":"status-publish","4":"has-post-thumbnail","6":"product_cat-zubehor","7":"product_shipping_class-regular","9":"first","10":"instock","11":"taxable","12":"shipping-taxable","13":"purchasable","14":"product-type-simple"},"acf":[],"_links":{"self":[{"href":"https:\/\/vuna.ch\/fr\/wp-json\/wp\/v2\/product\/240","targetHints":{"allow":["GET"]}}],"collection":[{"href":"https:\/\/vuna.ch\/fr\/wp-json\/wp\/v2\/product"}],"about":[{"href":"https:\/\/vuna.ch\/fr\/wp-json\/wp\/v2\/types\/product"}],"wp:featuredmedia":[{"embeddable":true,"href":"https:\/\/vuna.ch\/fr\/wp-json\/wp\/v2\/media\/271"}],"wp:attachment":[{"href":"https:\/\/vuna.ch\/fr\/wp-json\/wp\/v2\/media?parent=240"}],"wp:term":[{"taxonomy":"product_brand","embeddable":true,"href":"https:\/\/vuna.ch\/fr\/wp-json\/wp\/v2\/product_brand?post=240"},{"taxonomy":"product_cat","embeddable":true,"href":"https:\/\/vuna.ch\/fr\/wp-json\/wp\/v2\/product_cat?post=240"},{"taxonomy":"product_tag","embeddable":true,"href":"https:\/\/vuna.ch\/fr\/wp-json\/wp\/v2\/product_tag?post=240"}],"curies":[{"name":"wp","href":"https:\/\/api.w.org\/{rel}","templated":true}]}}