{"id":238,"date":"2025-03-03T22:31:42","date_gmt":"2025-03-03T21:31:42","guid":{"rendered":"https:\/\/wp.vuna.ch\/?post_type=product&#038;p=238"},"modified":"2025-04-02T16:07:26","modified_gmt":"2025-04-02T15:07:26","slug":"urimat-eco","status":"publish","type":"product","link":"https:\/\/vuna.ch\/fr\/product\/urimat-eco\/","title":{"rendered":"Urimat eco"},"content":{"rendered":"<div id=\"content_description\" class=\"ty-wysiwyg-content content-description\" data-ab-smc-tab-hide=\"N|N\" data-ab-smc-more=\"Mehr\" data-ab-smc-less=\"Less\" data-ab-smc-height=\"250\">\n<div>\n<p>Un urinoir sans eau de la marque Urimat. L&#039;effet isolant du plastique sp\u00e9cial r\u00e9duit les d\u00e9p\u00f4ts sur la surface. La surface non poreuse emp\u00eache le d\u00e9veloppement de bact\u00e9ries et d&#039;odeurs. <a href=\"https:\/\/www.urimat.com\/de\/produkte\/urinale\/urimat-eco\" target=\"_blank\" rel=\"noreferrer noopener\">Ici<\/a> en savoir plus sur le produit. Gr\u00e2ce aux toilettes s\u00e8ches dot\u00e9es d&#039;une technologie innovante, des millions de litres d&#039;eau potable peuvent \u00eatre \u00e9conomis\u00e9s.<\/p>\n<p>Dimensions : 390 x 410 x 790 mm<\/p>\n<\/div>\n<\/div>","protected":false},"excerpt":{"rendered":"<p>Un urinoir sans eau de la marque Urimat. L&#039;effet isolant du plastique sp\u00e9cial r\u00e9duit les d\u00e9p\u00f4ts sur la surface.<\/p>","protected":false},"featured_media":269,"template":"","meta":{"_acf_changed":false},"product_brand":[],"product_cat":[208],"product_tag":[],"class_list":{"0":"post-238","1":"product","2":"type-product","3":"status-publish","4":"has-post-thumbnail","6":"product_cat-trockentoiletten","7":"product_shipping_class-regular","9":"first","10":"instock","11":"taxable","12":"shipping-taxable","13":"purchasable","14":"product-type-simple"},"acf":[],"_links":{"self":[{"href":"https:\/\/vuna.ch\/fr\/wp-json\/wp\/v2\/product\/238","targetHints":{"allow":["GET"]}}],"collection":[{"href":"https:\/\/vuna.ch\/fr\/wp-json\/wp\/v2\/product"}],"about":[{"href":"https:\/\/vuna.ch\/fr\/wp-json\/wp\/v2\/types\/product"}],"wp:featuredmedia":[{"embeddable":true,"href":"https:\/\/vuna.ch\/fr\/wp-json\/wp\/v2\/media\/269"}],"wp:attachment":[{"href":"https:\/\/vuna.ch\/fr\/wp-json\/wp\/v2\/media?parent=238"}],"wp:term":[{"taxonomy":"product_brand","embeddable":true,"href":"https:\/\/vuna.ch\/fr\/wp-json\/wp\/v2\/product_brand?post=238"},{"taxonomy":"product_cat","embeddable":true,"href":"https:\/\/vuna.ch\/fr\/wp-json\/wp\/v2\/product_cat?post=238"},{"taxonomy":"product_tag","embeddable":true,"href":"https:\/\/vuna.ch\/fr\/wp-json\/wp\/v2\/product_tag?post=238"}],"curies":[{"name":"wp","href":"https:\/\/api.w.org\/{rel}","templated":true}]}}