{"id":237,"date":"2025-03-03T22:31:42","date_gmt":"2025-03-03T21:31:42","guid":{"rendered":"https:\/\/wp.vuna.ch\/?post_type=product&#038;p=237"},"modified":"2026-01-15T16:44:43","modified_gmt":"2026-01-15T15:44:43","slug":"marcelle-urinal-fur-frauen","status":"publish","type":"product","link":"https:\/\/vuna.ch\/fr\/product\/urinoir-marcelle-pour-femme\/","title":{"rendered":"Marcelle - Urinoir pour femmes"},"content":{"rendered":"<div id=\"content_description\" class=\"ty-wysiwyg-content content-description\" data-ab-smc-tab-hide=\"N|N\" data-ab-smc-more=\"Mehr\" data-ab-smc-less=\"Less\" data-ab-smc-height=\"250\">\n<div>\n<p><em>NB L&#039;urinoir ne peut \u00eatre command\u00e9 que sur facture. Les frais d&#039;exp\u00e9dition seront factur\u00e9s s\u00e9par\u00e9ment. Veuillez nous contacter pour un devis. La livraison prend environ 3 semaines.<\/em><br \/>\n<\/em><\/p>\n<p>Un urinoir sec pour femme qui permet de faire pipi sans toucher la cuvette des toilettes et sans \u00e9clabousser. <a href=\"https:\/\/urinoirmarcelle.fr\/\" target=\"_blank\" rel=\"noreferrer noopener\"><strong>Ici<\/strong><\/a> en savoir plus sur le produit.<\/em><br \/>\n<\/em><\/p>\n<p>Convient \u00e0 une large gamme de syst\u00e8mes d&#039;assainissement d\u00e9centralis\u00e9s - des zones alpines et rurales aux applications dans les salles de concert, les centres commerciaux, les festivals, etc.<\/em><br \/>\n<\/em><\/p>\n<p>Dimensions : 46 x 26 x 34 cm.<\/p>\n<p>Fabriqu\u00e9 en France.<\/p>\n<\/div>\n<\/div>","protected":false},"excerpt":{"rendered":"<p>Un urinoir sec pour femme qui permet de faire pipi sans toucher la cuvette des toilettes et sans \u00e9clabousser.<\/p>","protected":false},"featured_media":268,"template":"","meta":{"_acf_changed":false},"product_brand":[],"product_cat":[208],"product_tag":[],"class_list":{"0":"post-237","1":"product","2":"type-product","3":"status-publish","4":"has-post-thumbnail","6":"product_cat-trockentoiletten","7":"product_shipping_class-custom-more-31-kg","9":"first","10":"instock","11":"taxable","12":"shipping-taxable","13":"purchasable","14":"product-type-simple"},"acf":[],"_links":{"self":[{"href":"https:\/\/vuna.ch\/fr\/wp-json\/wp\/v2\/product\/237","targetHints":{"allow":["GET"]}}],"collection":[{"href":"https:\/\/vuna.ch\/fr\/wp-json\/wp\/v2\/product"}],"about":[{"href":"https:\/\/vuna.ch\/fr\/wp-json\/wp\/v2\/types\/product"}],"wp:featuredmedia":[{"embeddable":true,"href":"https:\/\/vuna.ch\/fr\/wp-json\/wp\/v2\/media\/268"}],"wp:attachment":[{"href":"https:\/\/vuna.ch\/fr\/wp-json\/wp\/v2\/media?parent=237"}],"wp:term":[{"taxonomy":"product_brand","embeddable":true,"href":"https:\/\/vuna.ch\/fr\/wp-json\/wp\/v2\/product_brand?post=237"},{"taxonomy":"product_cat","embeddable":true,"href":"https:\/\/vuna.ch\/fr\/wp-json\/wp\/v2\/product_cat?post=237"},{"taxonomy":"product_tag","embeddable":true,"href":"https:\/\/vuna.ch\/fr\/wp-json\/wp\/v2\/product_tag?post=237"}],"curies":[{"name":"wp","href":"https:\/\/api.w.org\/{rel}","templated":true}]}}