{"id":236,"date":"2025-03-03T22:31:42","date_gmt":"2025-03-03T21:31:42","guid":{"rendered":"https:\/\/wp.vuna.ch\/?post_type=product&#038;p=236"},"modified":"2026-03-26T11:35:24","modified_gmt":"2026-03-26T10:35:24","slug":"ecodomeo-zircone","status":"publish","type":"product","link":"https:\/\/vuna.ch\/fr\/product\/ecodomeo-zircone\/","title":{"rendered":"Ecodomeo - Zircone"},"content":{"rendered":"<div id=\"content_description\" class=\"ty-wysiwyg-content content-description\" data-ab-smc-tab-hide=\"N|N\" data-ab-smc-more=\"Mehr\" data-ab-smc-less=\"Less\" data-ab-smc-height=\"250\">\n<p><em>NB Les toilettes ne peuvent \u00eatre command\u00e9es que sur facture. Les frais d&#039;exp\u00e9dition seront factur\u00e9s s\u00e9par\u00e9ment. Veuillez nous contacter pour un devis. La livraison prend environ 3 semaines.<\/em><\/p>\n<p>Les toilettes s\u00e8ches sont \u00e9quip\u00e9es d'un tapis roulant int\u00e9gr\u00e9 \u00e0 l'abattant (S\/M\/L). Actionn\u00e9 par une p\u00e9dale (bois ou inox), ce tapis s\u00e9pare les mati\u00e8res solides de l'urine et les \u00e9vacue hors des toilettes. L'urine est recueillie s\u00e9par\u00e9ment. Deux glissi\u00e8res de nettoyage assurent la propret\u00e9 du tapis roulant.<br \/>\nInclus : abattant en bois, porte-papier hygienique, pi\u00e8ge \u00e0 mouches, ventilateur, siphon \u00e0 membrane Senzo<br \/>\nMat\u00e9riel: Inox, bois vernis<\/p>\n<p><strong><a href=\"https:\/\/www.ecodomeo.com\/de\/accueil-de\/\" target=\"_blank\" rel=\"noreferrer noopener\">Ici<\/a><\/strong> retrouvez le site Ecodomeo,\u00a0<strong><a href=\"https:\/\/www.ecodomeo.com\/en\/installation-en\/\" target=\"_blank\" rel=\"noreferrer noopener\">ici<\/a><\/strong> vous trouverez des informations sur l&#039;installation.<\/p>\n<\/div>","protected":false},"excerpt":{"rendered":"<p>Des toilettes s\u00e8ches esth\u00e9tiques pour des installations sanitaires \u00e9cologiques et d\u00e9centralis\u00e9es. <\/p>","protected":false},"featured_media":267,"template":"","meta":{"_acf_changed":false},"product_brand":[],"product_cat":[208],"product_tag":[],"class_list":{"0":"post-236","1":"product","2":"type-product","3":"status-publish","4":"has-post-thumbnail","6":"product_cat-trockentoiletten","8":"first","9":"instock","10":"taxable","11":"shipping-taxable","12":"purchasable","13":"product-type-simple"},"acf":[],"_links":{"self":[{"href":"https:\/\/vuna.ch\/fr\/wp-json\/wp\/v2\/product\/236","targetHints":{"allow":["GET"]}}],"collection":[{"href":"https:\/\/vuna.ch\/fr\/wp-json\/wp\/v2\/product"}],"about":[{"href":"https:\/\/vuna.ch\/fr\/wp-json\/wp\/v2\/types\/product"}],"wp:featuredmedia":[{"embeddable":true,"href":"https:\/\/vuna.ch\/fr\/wp-json\/wp\/v2\/media\/267"}],"wp:attachment":[{"href":"https:\/\/vuna.ch\/fr\/wp-json\/wp\/v2\/media?parent=236"}],"wp:term":[{"taxonomy":"product_brand","embeddable":true,"href":"https:\/\/vuna.ch\/fr\/wp-json\/wp\/v2\/product_brand?post=236"},{"taxonomy":"product_cat","embeddable":true,"href":"https:\/\/vuna.ch\/fr\/wp-json\/wp\/v2\/product_cat?post=236"},{"taxonomy":"product_tag","embeddable":true,"href":"https:\/\/vuna.ch\/fr\/wp-json\/wp\/v2\/product_tag?post=236"}],"curies":[{"name":"wp","href":"https:\/\/api.w.org\/{rel}","templated":true}]}}