{"id":232,"date":"2025-03-03T22:31:42","date_gmt":"2025-03-03T21:31:42","guid":{"rendered":"https:\/\/wp.vuna.ch\/?post_type=product&amp;p=232"},"modified":"2025-04-02T10:05:30","modified_gmt":"2025-04-02T09:05:30","slug":"wie-schliesse-ich-kreislaufe-in-meinem-haus-projekt-erstabklarung-fur-privathauser","status":"publish","type":"product","link":"https:\/\/vuna.ch\/fr\/product\/comment-fermer-les-circuits-dans-ma-maison-clarification-initiale-du-projet-pour-les-maisons-privees\/","title":{"rendered":"Comment fermer les circuits dans ma maison (projet) - \u00c9tude pr\u00e9liminaire pour les maisons priv\u00e9es"},"content":{"rendered":"<div id=\"content_description\" class=\"ty-wysiwyg-content content-description\" data-ab-smc-tab-hide=\"N|N\" data-ab-smc-more=\"Mehr\" data-ab-smc-less=\"Less\" data-ab-smc-height=\"250\">\n<div>\n<p>Avez-vous une maison qui n&#039;est pas raccord\u00e9e au r\u00e9seau d&#039;\u00e9gouts ? Ou souhaitez-vous une solution alternative pour vos sanitaires ? Dans ce cas, une \u00e9valuation initiale est la solution id\u00e9ale pour vous :<\/p>\n<ul>\n<li>Nous examinons la situation sur place<\/li>\n<li>Nous travaillerons avec vous pour \u00e9laborer des propositions de solutions comprenant des croquis et des descriptions<\/li>\n<li>Nous pr\u00e9parons une estimation approximative des co\u00fbts<\/li>\n<li>y compris les frais de d\u00e9placement en Suisse<\/li>\n<li>si n\u00e9cessaire, y compris une enqu\u00eate pr\u00e9liminaire aupr\u00e8s des autorit\u00e9s comp\u00e9tentes<\/li>\n<\/ul>\n<p>Le forfait de 1500 CHF TVA comprise s&#039;applique aux maisons priv\u00e9es, aux propri\u00e9t\u00e9s r\u00e9sidentielles individuelles et aux maisons de vacances. B\u00e2timents plus grands et plus complexes sur demande.<\/p>\n<\/div>\n<\/div>","protected":false},"excerpt":{"rendered":"<p>Comment fermer les circuits dans ma maison (projet) - \u00c9tude pr\u00e9liminaire pour les maisons priv\u00e9es<\/p>","protected":false},"featured_media":263,"template":"","meta":{"_acf_changed":false},"product_brand":[],"product_cat":[193],"product_tag":[],"class_list":{"0":"post-232","1":"product","2":"type-product","3":"status-publish","4":"has-post-thumbnail","6":"product_cat-installationen","7":"product_shipping_class-custom-more-31-kg","9":"first","10":"instock","11":"taxable","12":"shipping-taxable","13":"purchasable","14":"product-type-simple"},"acf":[],"_links":{"self":[{"href":"https:\/\/vuna.ch\/fr\/wp-json\/wp\/v2\/product\/232","targetHints":{"allow":["GET"]}}],"collection":[{"href":"https:\/\/vuna.ch\/fr\/wp-json\/wp\/v2\/product"}],"about":[{"href":"https:\/\/vuna.ch\/fr\/wp-json\/wp\/v2\/types\/product"}],"wp:featuredmedia":[{"embeddable":true,"href":"https:\/\/vuna.ch\/fr\/wp-json\/wp\/v2\/media\/263"}],"wp:attachment":[{"href":"https:\/\/vuna.ch\/fr\/wp-json\/wp\/v2\/media?parent=232"}],"wp:term":[{"taxonomy":"product_brand","embeddable":true,"href":"https:\/\/vuna.ch\/fr\/wp-json\/wp\/v2\/product_brand?post=232"},{"taxonomy":"product_cat","embeddable":true,"href":"https:\/\/vuna.ch\/fr\/wp-json\/wp\/v2\/product_cat?post=232"},{"taxonomy":"product_tag","embeddable":true,"href":"https:\/\/vuna.ch\/fr\/wp-json\/wp\/v2\/product_tag?post=232"}],"curies":[{"name":"wp","href":"https:\/\/api.w.org\/{rel}","templated":true}]}}