{"id":230,"date":"2025-03-03T22:31:42","date_gmt":"2025-03-03T21:31:42","guid":{"rendered":"https:\/\/wp.vuna.ch\/?post_type=product&#038;p=230"},"modified":"2025-12-15T16:46:11","modified_gmt":"2025-12-15T15:46:11","slug":"phytotiny-grauwasserfilter","status":"publish","type":"product","link":"https:\/\/vuna.ch\/fr\/product\/filtre-a-eaux-grises-phytotiny\/","title":{"rendered":"Phytotiny - Filtre plant\u00e9 pour les eaux grises"},"content":{"rendered":"<p><strong>Filtre plant\u00e9 transportable pour le traitement des eaux grises<\/strong><\/p>\n<p>Un filtre mobile compos\u00e9 de deux unit\u00e9s pour le traitement des eaux grises. Id\u00e9al pour les petits logements (mobiles) de 2 \u00e0 4 personnes. L\u2019eau trait\u00e9e peut \u00eatre infiltr\u00e9e ou utilis\u00e9e pour l\u2019irrigation. Le substrat du filtre est constitu\u00e9 de biochar et de copeaux de bois (CH) et le filtre est plant\u00e9 de plantes de marais adapt\u00e9es au site.<\/p>\n<p><strong>Capacit\u00e9:<\/strong> 2 habitants, max. 200 L\/j<\/p>\n<p><strong>Dimensions:<\/strong> 2 x 1,2 x 0,8 m (L x l x H)<\/p>\n<p><strong>Relations:<\/strong> \u00f8 50 mm<\/p>\n<p><strong>Substrats :<\/strong> Copeaux de bois dur et biochar<\/p>\n<p><strong>Plantation:<\/strong> plantes de marais adapt\u00e9es au site<\/p>\n<p><b>Prix de base :<\/b> CHF 3&#039;000 (hors boiseries, plantes, livraison et installation)<\/p>\n<p><b>Commande:<\/b> Lors de votre commande de Phytotiny, veuillez remplir notre <a href=\"https:\/\/vuna.ch\/fr\/formulaire\/\">bon de commande<\/a> .<\/p>","protected":false},"excerpt":{"rendered":"<p>Filtre plant\u00e9 portable pour le traitement des eaux grises.<\/p>","protected":false},"featured_media":259,"template":"","meta":{"_acf_changed":false},"product_brand":[],"product_cat":[193],"product_tag":[],"class_list":{"0":"post-230","1":"product","2":"type-product","3":"status-publish","4":"has-post-thumbnail","6":"product_cat-installationen","7":"product_shipping_class-custom-more-31-kg","9":"first","10":"instock","11":"taxable","12":"shipping-taxable","13":"purchasable","14":"product-type-simple"},"acf":[],"_links":{"self":[{"href":"https:\/\/vuna.ch\/fr\/wp-json\/wp\/v2\/product\/230","targetHints":{"allow":["GET"]}}],"collection":[{"href":"https:\/\/vuna.ch\/fr\/wp-json\/wp\/v2\/product"}],"about":[{"href":"https:\/\/vuna.ch\/fr\/wp-json\/wp\/v2\/types\/product"}],"wp:featuredmedia":[{"embeddable":true,"href":"https:\/\/vuna.ch\/fr\/wp-json\/wp\/v2\/media\/259"}],"wp:attachment":[{"href":"https:\/\/vuna.ch\/fr\/wp-json\/wp\/v2\/media?parent=230"}],"wp:term":[{"taxonomy":"product_brand","embeddable":true,"href":"https:\/\/vuna.ch\/fr\/wp-json\/wp\/v2\/product_brand?post=230"},{"taxonomy":"product_cat","embeddable":true,"href":"https:\/\/vuna.ch\/fr\/wp-json\/wp\/v2\/product_cat?post=230"},{"taxonomy":"product_tag","embeddable":true,"href":"https:\/\/vuna.ch\/fr\/wp-json\/wp\/v2\/product_tag?post=230"}],"curies":[{"name":"wp","href":"https:\/\/api.w.org\/{rel}","templated":true}]}}