{"id":226,"date":"2025-03-03T22:31:42","date_gmt":"2025-03-03T21:31:42","guid":{"rendered":"https:\/\/wp.vuna.ch\/?post_type=product&#038;p=226"},"modified":"2025-07-15T14:37:10","modified_gmt":"2025-07-15T13:37:10","slug":"pflanzenkohle-0-8-l","status":"publish","type":"product","link":"https:\/\/vuna.ch\/fr\/product\/biochar-08-l\/","title":{"rendered":"Biochar 0,8 L"},"content":{"rendered":"<p>Le compl\u00e9ment id\u00e9al \u00e0 l&#039;Aurin pour le substrat de vos plantes. M\u00e9lang\u00e9 avec du terreau, le <a href=\"https:\/\/inkoh.swiss\" target=\"_blank\" rel=\"noreferrer noopener\">Charbon v\u00e9g\u00e9tal<\/a>\u00a0comme une \u00e9ponge et stocke l&#039;eau et les nutriments.<\/p>","protected":false},"excerpt":{"rendered":"<p>Le compl\u00e9ment id\u00e9al \u00e0 l&#039;Aurin pour le substrat de vos plantes.<\/p>","protected":false},"featured_media":256,"template":"","meta":{"_acf_changed":false},"product_brand":[],"product_cat":[195,198],"product_tag":[],"class_list":{"0":"post-226","1":"product","2":"type-product","3":"status-publish","4":"has-post-thumbnail","6":"product_cat-pflanzenkohle","7":"product_cat-top-kategorie","8":"product_shipping_class-regular","10":"first","11":"instock","12":"taxable","13":"shipping-taxable","14":"purchasable","15":"product-type-simple"},"acf":[],"_links":{"self":[{"href":"https:\/\/vuna.ch\/fr\/wp-json\/wp\/v2\/product\/226","targetHints":{"allow":["GET"]}}],"collection":[{"href":"https:\/\/vuna.ch\/fr\/wp-json\/wp\/v2\/product"}],"about":[{"href":"https:\/\/vuna.ch\/fr\/wp-json\/wp\/v2\/types\/product"}],"wp:featuredmedia":[{"embeddable":true,"href":"https:\/\/vuna.ch\/fr\/wp-json\/wp\/v2\/media\/256"}],"wp:attachment":[{"href":"https:\/\/vuna.ch\/fr\/wp-json\/wp\/v2\/media?parent=226"}],"wp:term":[{"taxonomy":"product_brand","embeddable":true,"href":"https:\/\/vuna.ch\/fr\/wp-json\/wp\/v2\/product_brand?post=226"},{"taxonomy":"product_cat","embeddable":true,"href":"https:\/\/vuna.ch\/fr\/wp-json\/wp\/v2\/product_cat?post=226"},{"taxonomy":"product_tag","embeddable":true,"href":"https:\/\/vuna.ch\/fr\/wp-json\/wp\/v2\/product_tag?post=226"}],"curies":[{"name":"wp","href":"https:\/\/api.w.org\/{rel}","templated":true}]}}