{"id":225,"date":"2025-03-03T22:31:42","date_gmt":"2025-03-03T21:31:42","guid":{"rendered":"https:\/\/wp.vuna.ch\/?post_type=product&#038;p=225"},"modified":"2026-02-04T10:12:33","modified_gmt":"2026-02-04T09:12:33","slug":"aurin-dunger-flasche-500-ml","status":"publish","type":"product","link":"https:\/\/vuna.ch\/fr\/product\/flacon-dengrais-aurin-500-ml\/","title":{"rendered":"Engrais Aurin - Bouteille 500 mL"},"content":{"rendered":"<p>Aurin \u2013 Le premier engrais urinaire au monde enti\u00e8rement approuv\u00e9. L&#039;aurine est un engrais universel fabriqu\u00e9 \u00e0 partir d&#039;urine humaine. VunaNexus propose le proc\u00e9d\u00e9 qui transforme l\u2019urine en engrais. Cela \u00e9limine les r\u00e9sidus de m\u00e9dicaments, les hormones et les germes, mais les nutriments restent.<\/p>\n<p>Aurin - Engrais pour fleurs et l\u00e9gumes avec recyclage des \u00e9l\u00e9ments nutritifs. Technologie suisse de recyclage. Un engrais naturel pour toutes vos plantes. Premier engrais \u00e0 base d'urine au monde avec une autorisation compl\u00e8te.<\/p>","protected":false},"excerpt":{"rendered":"<p>Aurin \u2013 Le premier engrais urinaire au monde enti\u00e8rement approuv\u00e9. Engrais pour fleurs et l\u00e9gumes avec recyclage des nutriments. Technologie de recyclage suisse. Engrais naturel pour toutes vos plantes.<\/p>","protected":false},"featured_media":255,"template":"","meta":{"_acf_changed":false},"product_brand":[],"product_cat":[205,198],"product_tag":[],"class_list":{"0":"post-225","1":"product","2":"type-product","3":"status-publish","4":"has-post-thumbnail","6":"product_cat-aurin","7":"product_cat-top-kategorie","8":"product_shipping_class-regular","10":"first","11":"instock","12":"taxable","13":"shipping-taxable","14":"purchasable","15":"product-type-simple"},"acf":[],"_links":{"self":[{"href":"https:\/\/vuna.ch\/fr\/wp-json\/wp\/v2\/product\/225","targetHints":{"allow":["GET"]}}],"collection":[{"href":"https:\/\/vuna.ch\/fr\/wp-json\/wp\/v2\/product"}],"about":[{"href":"https:\/\/vuna.ch\/fr\/wp-json\/wp\/v2\/types\/product"}],"wp:featuredmedia":[{"embeddable":true,"href":"https:\/\/vuna.ch\/fr\/wp-json\/wp\/v2\/media\/255"}],"wp:attachment":[{"href":"https:\/\/vuna.ch\/fr\/wp-json\/wp\/v2\/media?parent=225"}],"wp:term":[{"taxonomy":"product_brand","embeddable":true,"href":"https:\/\/vuna.ch\/fr\/wp-json\/wp\/v2\/product_brand?post=225"},{"taxonomy":"product_cat","embeddable":true,"href":"https:\/\/vuna.ch\/fr\/wp-json\/wp\/v2\/product_cat?post=225"},{"taxonomy":"product_tag","embeddable":true,"href":"https:\/\/vuna.ch\/fr\/wp-json\/wp\/v2\/product_tag?post=225"}],"curies":[{"name":"wp","href":"https:\/\/api.w.org\/{rel}","templated":true}]}}