{"id":8452,"date":"2025-06-03T14:59:33","date_gmt":"2025-06-03T13:59:33","guid":{"rendered":"https:\/\/vuna.ch\/?page_id=8452"},"modified":"2025-06-03T14:59:33","modified_gmt":"2025-06-03T13:59:33","slug":"probeanalysen-abwasser","status":"publish","type":"page","link":"https:\/\/vuna.ch\/fr\/analyses-dechantillons-deaux-usees\/","title":{"rendered":"Analyses d&#039;\u00e9chantillons d&#039;eaux us\u00e9es"},"content":{"rendered":"<h2 class=\"wp-block-heading has-text-align-left\">Catalogue de services<\/h2>\n\n\n\n<p>Param\u00e8tres physiques<\/p>\n\n\n\n<ul class=\"wp-block-list\">\n<li>Transparence selon Snellen (CHF 20)<\/li>\n\n\n\n<li>pH (CHF 20)<\/li>\n<\/ul>\n\n\n\n<div style=\"height:4px\" aria-hidden=\"true\" class=\"wp-block-spacer\"><\/div>\n\n\n\n<p>Param\u00e8tres chimiques<\/p>\n\n\n\n<ul class=\"wp-block-list\">\n<li>DCO demande chimique en oxyg\u00e8ne (CHF 70)<\/li>\n\n\n\n<li>Ammonium NH4-N (70 CHF)<\/li>\n\n\n\n<li>Nitrite NO2 (70 CHF)<\/li>\n\n\n\n<li>Nitrate NO3 (70 CHF)<\/li>\n\n\n\n<li>Azote total TN (70 CHF)<\/li>\n\n\n\n<li>COT Carbone total (CHF 70)<\/li>\n<\/ul>\n\n\n\n<div style=\"height:18px\" aria-hidden=\"true\" class=\"wp-block-spacer\"><\/div>\n\n\n\n<p><em><strong>Besoin d'une analyse ? <\/strong>contactez-nous au <a href=\"\/fr\/info@vuna.ch\/\">info@vuna.ch <\/a>ou par t\u00e9l\u00e9phone au 044 586 44 49.<\/em> <\/p>\n\n\n\n<p>Si n\u00e9cessaire, nous organisons \u00e9galement des analyses des param\u00e8tres suivants : Mati\u00e8res solides totales non dissoutes (TDS), Carbone organique dissous (COD), Demande biochimique en oxyg\u00e8ne (DBO).<\/p>\n\n\n\n<p><\/p>","protected":false},"excerpt":{"rendered":"<p>Nous sommes un laboratoire agr\u00e9\u00e9 pour les analyses d&#039;\u00e9chantillons de petites stations d&#039;\u00e9puration (KLARA).<\/p>","protected":false},"author":10,"featured_media":8453,"parent":0,"menu_order":0,"comment_status":"closed","ping_status":"closed","template":"","meta":{"_acf_changed":false,"footnotes":""},"class_list":["post-8452","page","type-page","status-publish","has-post-thumbnail","hentry"],"acf":[],"_links":{"self":[{"href":"https:\/\/vuna.ch\/fr\/wp-json\/wp\/v2\/pages\/8452","targetHints":{"allow":["GET"]}}],"collection":[{"href":"https:\/\/vuna.ch\/fr\/wp-json\/wp\/v2\/pages"}],"about":[{"href":"https:\/\/vuna.ch\/fr\/wp-json\/wp\/v2\/types\/page"}],"author":[{"embeddable":true,"href":"https:\/\/vuna.ch\/fr\/wp-json\/wp\/v2\/users\/10"}],"replies":[{"embeddable":true,"href":"https:\/\/vuna.ch\/fr\/wp-json\/wp\/v2\/comments?post=8452"}],"version-history":[{"count":7,"href":"https:\/\/vuna.ch\/fr\/wp-json\/wp\/v2\/pages\/8452\/revisions"}],"predecessor-version":[{"id":8469,"href":"https:\/\/vuna.ch\/fr\/wp-json\/wp\/v2\/pages\/8452\/revisions\/8469"}],"wp:featuredmedia":[{"embeddable":true,"href":"https:\/\/vuna.ch\/fr\/wp-json\/wp\/v2\/media\/8453"}],"wp:attachment":[{"href":"https:\/\/vuna.ch\/fr\/wp-json\/wp\/v2\/media?parent=8452"}],"curies":[{"name":"wp","href":"https:\/\/api.w.org\/{rel}","templated":true}]}}