{"id":7938,"date":"2025-02-28T18:01:29","date_gmt":"2025-02-28T17:01:29","guid":{"rendered":"https:\/\/wp.vuna.ch\/?page_id=34"},"modified":"2025-05-12T22:05:28","modified_gmt":"2025-05-12T21:05:28","slug":"prozessplan","status":"publish","type":"page","link":"https:\/\/vuna.ch\/fr\/plan-de-processus\/","title":{"rendered":"Plan de processus"},"content":{"rendered":"<figure class=\"wp-block-image aligncenter size-full\"><img loading=\"lazy\" decoding=\"async\" width=\"2048\" height=\"1175\" src=\"https:\/\/vuna.ch\/wp-content\/uploads\/2025\/09\/Plan-de-procedure_Vuna_FR-scaled.png\" alt=\"\" class=\"wp-image-8427\" srcset=\"https:\/\/vuna.ch\/wp-content\/uploads\/2025\/09\/Plan-de-procedure_Vuna_FR-scaled.png 2560w, https:\/\/vuna.ch\/wp-content\/uploads\/2025\/09\/Plan-de-procedure_Vuna_FR-300x172.png 300w, https:\/\/vuna.ch\/wp-content\/uploads\/2025\/09\/Plan-de-procedure_Vuna_FR-1024x588.png 1024w, https:\/\/vuna.ch\/wp-content\/uploads\/2025\/09\/Plan-de-procedure_Vuna_FR-768x441.png 768w, https:\/\/vuna.ch\/wp-content\/uploads\/2025\/09\/Plan-de-procedure_Vuna_FR-1536x882.png 1536w, https:\/\/vuna.ch\/wp-content\/uploads\/2025\/09\/Plan-de-procedure_Vuna_FR-2048x1175.png 2048w, https:\/\/vuna.ch\/wp-content\/uploads\/2025\/09\/Plan-de-procedure_Vuna_FR-18x10.png 18w, https:\/\/vuna.ch\/wp-content\/uploads\/2025\/09\/Plan-de-procedure_Vuna_FR-600x344.png 600w\" sizes=\"auto, (max-width: 2048px) 100vw, 2048px\" \/><\/figure>\n\n\n\n<p class=\"has-text-align-center\">Cliquez sur <a href=\"https:\/\/vuna.ch\/wp-content\/themes\/va-vuna\/docs\/Plan-de-procedure_Vuna_FR.pdf\" target=\"_blank\" rel=\"noreferrer noopener\">ici <\/a>pour t\u00e9l\u00e9charger le PDF.<\/p>","protected":false},"excerpt":{"rendered":"<p>Vous trouverez ici une visualisation de notre plan de processus g\u00e9n\u00e9ral, qui peut \u00eatre adapt\u00e9 aux exigences sp\u00e9cifiques de votre projet.<\/p>","protected":false},"author":4,"featured_media":0,"parent":0,"menu_order":0,"comment_status":"closed","ping_status":"closed","template":"","meta":{"_acf_changed":false,"footnotes":""},"class_list":["post-7938","page","type-page","status-publish","hentry"],"acf":[],"_links":{"self":[{"href":"https:\/\/vuna.ch\/fr\/wp-json\/wp\/v2\/pages\/7938","targetHints":{"allow":["GET"]}}],"collection":[{"href":"https:\/\/vuna.ch\/fr\/wp-json\/wp\/v2\/pages"}],"about":[{"href":"https:\/\/vuna.ch\/fr\/wp-json\/wp\/v2\/types\/page"}],"author":[{"embeddable":true,"href":"https:\/\/vuna.ch\/fr\/wp-json\/wp\/v2\/users\/4"}],"replies":[{"embeddable":true,"href":"https:\/\/vuna.ch\/fr\/wp-json\/wp\/v2\/comments?post=7938"}],"version-history":[{"count":2,"href":"https:\/\/vuna.ch\/fr\/wp-json\/wp\/v2\/pages\/7938\/revisions"}],"predecessor-version":[{"id":8429,"href":"https:\/\/vuna.ch\/fr\/wp-json\/wp\/v2\/pages\/7938\/revisions\/8429"}],"wp:attachment":[{"href":"https:\/\/vuna.ch\/fr\/wp-json\/wp\/v2\/media?parent=7938"}],"curies":[{"name":"wp","href":"https:\/\/api.w.org\/{rel}","templated":true}]}}