{"id":7937,"date":"2025-02-28T16:22:42","date_gmt":"2025-02-28T15:22:42","guid":{"rendered":"https:\/\/wp.vuna.ch\/?page_id=12"},"modified":"2025-02-28T16:22:42","modified_gmt":"2025-02-28T15:22:42","slug":"wir-bieten","status":"publish","type":"page","link":"https:\/\/vuna.ch\/fr\/nous-offrons\/","title":{"rendered":"Cycles de l'eau, des nutriments &amp; r\u00e9cup\u00e9ration des ressources"},"content":{"rendered":"","protected":false},"excerpt":{"rendered":"<p>Nous planifions et construisons avec vous des solutions d'eaux us\u00e9es sur mesure, mettons en \u0153uvre la r\u00e9cup\u00e9ration des ressources et fermons les cycles de nutriments.<\/p>","protected":false},"author":4,"featured_media":0,"parent":0,"menu_order":0,"comment_status":"closed","ping_status":"closed","template":"","meta":{"_acf_changed":false,"footnotes":""},"class_list":["post-7937","page","type-page","status-publish","hentry"],"acf":[],"_links":{"self":[{"href":"https:\/\/vuna.ch\/fr\/wp-json\/wp\/v2\/pages\/7937","targetHints":{"allow":["GET"]}}],"collection":[{"href":"https:\/\/vuna.ch\/fr\/wp-json\/wp\/v2\/pages"}],"about":[{"href":"https:\/\/vuna.ch\/fr\/wp-json\/wp\/v2\/types\/page"}],"author":[{"embeddable":true,"href":"https:\/\/vuna.ch\/fr\/wp-json\/wp\/v2\/users\/4"}],"replies":[{"embeddable":true,"href":"https:\/\/vuna.ch\/fr\/wp-json\/wp\/v2\/comments?post=7937"}],"version-history":[{"count":0,"href":"https:\/\/vuna.ch\/fr\/wp-json\/wp\/v2\/pages\/7937\/revisions"}],"wp:attachment":[{"href":"https:\/\/vuna.ch\/fr\/wp-json\/wp\/v2\/media?parent=7937"}],"curies":[{"name":"wp","href":"https:\/\/api.w.org\/{rel}","templated":true}]}}