{"id":31,"date":"2025-02-28T18:00:25","date_gmt":"2025-02-28T17:00:25","guid":{"rendered":"https:\/\/wp.vuna.ch\/?page_id=31"},"modified":"2026-05-11T10:30:34","modified_gmt":"2026-05-11T09:30:34","slug":"urin-recycling-technologie","status":"publish","type":"page","link":"https:\/\/vuna.ch\/fr\/technologie-de-recyclage-de-lurine\/","title":{"rendered":"Technologie de recyclage de l'urine"},"content":{"rendered":"<div class=\"wp-block-group is-layout-constrained wp-block-group-is-layout-constrained\">\n<p class=\"has-text-align-left\">Les projets visant le traitement de l&#039;urine sont supervis\u00e9s de deux mani\u00e8res : Vuna examine la faisabilit\u00e9 et la taille des installations dans les phases initiales des projets. Notre soci\u00e9t\u00e9 s\u0153ur VunaNexus prend ensuite en charge la planification d\u00e9taill\u00e9e. Le processus de traitement de l&#039;urine est distribu\u00e9 par VunaNexus. L&#039;engrais est disponible dans la boutique en ligne Vuna.<\/p>\n\n\n\n<p><a href=\"https:\/\/vuna.ch\/wp-content\/uploads\/2026\/05\/Vuna-Verfahren-Aurin-Druck.pdf\">Cliquez ici pour consulter la brochure sur la technologie de recyclage de l&#039;urine\u00a0!<\/a><\/p>\n\n\n\n<p class=\"has-text-align-left\"><a href=\"https:\/\/www.vunanexus.com\/\" data-type=\"link\" data-id=\"https:\/\/www.vunanexus.com\/\" target=\"_blank\" rel=\"noreferrer noopener\">Cliquez ici pour acc\u00e9der au site web de VunaNexus !<\/a><\/p>\n\n\n\n<figure class=\"wp-block-image aligncenter size-full\"><a href=\"https:\/\/www.vunanexus.com\/\" target=\"_blank\" rel=\" noreferrer noopener\"><img loading=\"lazy\" decoding=\"async\" width=\"150\" height=\"150\" src=\"https:\/\/vuna.ch\/wp-content\/uploads\/2025\/05\/logo-vuna-nexus.png\" alt=\"\" class=\"wp-image-8421\" srcset=\"https:\/\/vuna.ch\/wp-content\/uploads\/2025\/05\/logo-vuna-nexus.png 150w, https:\/\/vuna.ch\/wp-content\/uploads\/2025\/05\/logo-vuna-nexus-12x12.png 12w, https:\/\/vuna.ch\/wp-content\/uploads\/2025\/05\/logo-vuna-nexus-100x100.png 100w\" sizes=\"auto, (max-width: 150px) 100vw, 150px\" \/><\/a><\/figure>\n\n\n\n<div style=\"height:47px\" aria-hidden=\"true\" class=\"wp-block-spacer\"><\/div>\n\n\n\n<h2 class=\"wp-block-heading has-text-align-left\">La technologie de recyclage de l'urine en bref<\/h2>\n\n\n\n<figure class=\"wp-block-image aligncenter size-full\"><img loading=\"lazy\" decoding=\"async\" width=\"1536\" height=\"492\" src=\"https:\/\/vuna.ch\/wp-content\/uploads\/2025\/09\/process-FR-scaled.png\" alt=\"\" class=\"wp-image-8420\" srcset=\"https:\/\/vuna.ch\/wp-content\/uploads\/2025\/09\/process-FR-scaled.png 2560w, https:\/\/vuna.ch\/wp-content\/uploads\/2025\/09\/process-FR-300x98.png 300w, https:\/\/vuna.ch\/wp-content\/uploads\/2025\/09\/process-FR-1024x335.png 1024w, https:\/\/vuna.ch\/wp-content\/uploads\/2025\/09\/process-FR-768x251.png 768w, https:\/\/vuna.ch\/wp-content\/uploads\/2025\/09\/process-FR-1536x502.png 1536w, https:\/\/vuna.ch\/wp-content\/uploads\/2025\/09\/process-FR-2048x670.png 2048w, https:\/\/vuna.ch\/wp-content\/uploads\/2025\/09\/process-FR-18x6.png 18w, https:\/\/vuna.ch\/wp-content\/uploads\/2025\/09\/process-FR-600x196.png 600w\" sizes=\"auto, (max-width: 1536px) 100vw, 1536px\" \/><\/figure>\n\n\n\n<div style=\"height:27px\" aria-hidden=\"true\" class=\"wp-block-spacer\"><\/div>\n\n\n\n<p class=\"has-text-align-left\">Le proc\u00e9d\u00e9 VunaNexus est utilis\u00e9, par exemple, \u00e0 Eawag pour produire de l&#039;engrais aurine.<\/p>\n\n\n\n<div class=\"wp-block-group is-nowrap is-layout-flex wp-container-core-group-is-layout-6c531013 wp-block-group-is-layout-flex\">\n<figure class=\"wp-block-image alignleft size-large is-resized\"><img loading=\"lazy\" decoding=\"async\" width=\"1024\" height=\"768\" src=\"https:\/\/vuna.ch\/wp-content\/uploads\/2026\/05\/Urinaufbereitung-Anlage-Eawag-1-1024x768.jpeg\" alt=\"\" class=\"wp-image-9105\" style=\"width:560px;height:auto\" srcset=\"https:\/\/vuna.ch\/wp-content\/uploads\/2026\/05\/Urinaufbereitung-Anlage-Eawag-1-1024x768.jpeg 1024w, https:\/\/vuna.ch\/wp-content\/uploads\/2026\/05\/Urinaufbereitung-Anlage-Eawag-1-300x225.jpeg 300w, https:\/\/vuna.ch\/wp-content\/uploads\/2026\/05\/Urinaufbereitung-Anlage-Eawag-1-768x576.jpeg 768w, https:\/\/vuna.ch\/wp-content\/uploads\/2026\/05\/Urinaufbereitung-Anlage-Eawag-1-1536x1152.jpeg 1536w, https:\/\/vuna.ch\/wp-content\/uploads\/2026\/05\/Urinaufbereitung-Anlage-Eawag-1-2048x1536.jpeg 2048w, https:\/\/vuna.ch\/wp-content\/uploads\/2026\/05\/Urinaufbereitung-Anlage-Eawag-1-16x12.jpeg 16w, https:\/\/vuna.ch\/wp-content\/uploads\/2026\/05\/Urinaufbereitung-Anlage-Eawag-1-600x450.jpeg 600w\" sizes=\"auto, (max-width: 1024px) 100vw, 1024px\" \/><\/figure>\n<\/div>\n\n\n\n<p class=\"has-text-align-left\">Le proc\u00e9d\u00e9 VunaNexus permet \u00e9galement de stabiliser le fumier. Depuis 2023, VunaNexus participe \u00e0 un projet de recherche d&#039;Innosuisse visant \u00e0 r\u00e9duire les \u00e9missions d&#039;azote de l&#039;agriculture.<\/p>\n\n\n\n<div class=\"wp-block-group is-nowrap is-layout-flex wp-container-core-group-is-layout-6c531013 wp-block-group-is-layout-flex\">\n<figure class=\"wp-block-image alignleft size-large is-resized\"><img loading=\"lazy\" decoding=\"async\" width=\"1024\" height=\"768\" src=\"https:\/\/vuna.ch\/wp-content\/uploads\/2022\/12\/IMG_6110-Kopie-1024x768.jpg\" alt=\"\" class=\"wp-image-4285\" style=\"width:560px;height:auto\" srcset=\"https:\/\/vuna.ch\/wp-content\/uploads\/2022\/12\/IMG_6110-Kopie-1024x768.jpg 1024w, https:\/\/vuna.ch\/wp-content\/uploads\/2022\/12\/IMG_6110-Kopie-scaled-600x450.jpg 600w, https:\/\/vuna.ch\/wp-content\/uploads\/2022\/12\/IMG_6110-Kopie-300x225.jpg 300w, https:\/\/vuna.ch\/wp-content\/uploads\/2022\/12\/IMG_6110-Kopie-768x576.jpg 768w, https:\/\/vuna.ch\/wp-content\/uploads\/2022\/12\/IMG_6110-Kopie-1536x1152.jpg 1536w, https:\/\/vuna.ch\/wp-content\/uploads\/2022\/12\/IMG_6110-Kopie-2048x1536.jpg 2048w\" sizes=\"auto, (max-width: 1024px) 100vw, 1024px\" \/><\/figure>\n<\/div>\n\n\n\n<div class=\"wp-block-group is-nowrap is-layout-flex wp-container-core-group-is-layout-6c531013 wp-block-group-is-layout-flex\">\n<div class=\"wp-block-group is-nowrap is-layout-flex wp-container-core-group-is-layout-6c531013 wp-block-group-is-layout-flex\"><\/div>\n<\/div>\n\n\n\n<p class=\"has-text-align-center\"><\/p>\n<\/div>","protected":false},"excerpt":{"rendered":"<p>Le processus VunaNexus utilise votre urine pour produire le premier engrais urinaire au monde. Officiellement approuv\u00e9 pour toutes les plantes, des l\u00e9gumes aux plantes d&#039;int\u00e9rieur.<\/p>","protected":false},"author":4,"featured_media":32,"parent":0,"menu_order":0,"comment_status":"closed","ping_status":"closed","template":"","meta":{"_acf_changed":false,"footnotes":""},"class_list":["post-31","page","type-page","status-publish","has-post-thumbnail","hentry"],"acf":[],"_links":{"self":[{"href":"https:\/\/vuna.ch\/fr\/wp-json\/wp\/v2\/pages\/31","targetHints":{"allow":["GET"]}}],"collection":[{"href":"https:\/\/vuna.ch\/fr\/wp-json\/wp\/v2\/pages"}],"about":[{"href":"https:\/\/vuna.ch\/fr\/wp-json\/wp\/v2\/types\/page"}],"author":[{"embeddable":true,"href":"https:\/\/vuna.ch\/fr\/wp-json\/wp\/v2\/users\/4"}],"replies":[{"embeddable":true,"href":"https:\/\/vuna.ch\/fr\/wp-json\/wp\/v2\/comments?post=31"}],"version-history":[{"count":34,"href":"https:\/\/vuna.ch\/fr\/wp-json\/wp\/v2\/pages\/31\/revisions"}],"predecessor-version":[{"id":9117,"href":"https:\/\/vuna.ch\/fr\/wp-json\/wp\/v2\/pages\/31\/revisions\/9117"}],"wp:featuredmedia":[{"embeddable":true,"href":"https:\/\/vuna.ch\/fr\/wp-json\/wp\/v2\/media\/32"}],"wp:attachment":[{"href":"https:\/\/vuna.ch\/fr\/wp-json\/wp\/v2\/media?parent=31"}],"curies":[{"name":"wp","href":"https:\/\/api.w.org\/{rel}","templated":true}]}}