{"id":28,"date":"2025-02-28T17:58:54","date_gmt":"2025-02-28T16:58:54","guid":{"rendered":"https:\/\/wp.vuna.ch\/?page_id=28"},"modified":"2025-07-16T13:22:36","modified_gmt":"2025-07-16T12:22:36","slug":"aurin-4","status":"publish","type":"page","link":"https:\/\/vuna.ch\/fr\/aurin\/","title":{"rendered":"Engrais de recyclage Aurin"},"content":{"rendered":"","protected":false},"excerpt":{"rendered":"<p>Sans chichis\u00a0? Aurin, le premier engrais urinaire au monde enti\u00e8rement approuv\u00e9 pour vos fleurs et l\u00e9gumes.<\/p>","protected":false},"author":4,"featured_media":29,"parent":0,"menu_order":0,"comment_status":"closed","ping_status":"closed","template":"","meta":{"_acf_changed":false,"footnotes":""},"class_list":["post-28","page","type-page","status-publish","has-post-thumbnail","hentry"],"acf":[],"_links":{"self":[{"href":"https:\/\/vuna.ch\/fr\/wp-json\/wp\/v2\/pages\/28","targetHints":{"allow":["GET"]}}],"collection":[{"href":"https:\/\/vuna.ch\/fr\/wp-json\/wp\/v2\/pages"}],"about":[{"href":"https:\/\/vuna.ch\/fr\/wp-json\/wp\/v2\/types\/page"}],"author":[{"embeddable":true,"href":"https:\/\/vuna.ch\/fr\/wp-json\/wp\/v2\/users\/4"}],"replies":[{"embeddable":true,"href":"https:\/\/vuna.ch\/fr\/wp-json\/wp\/v2\/comments?post=28"}],"version-history":[{"count":21,"href":"https:\/\/vuna.ch\/fr\/wp-json\/wp\/v2\/pages\/28\/revisions"}],"predecessor-version":[{"id":8548,"href":"https:\/\/vuna.ch\/fr\/wp-json\/wp\/v2\/pages\/28\/revisions\/8548"}],"wp:featuredmedia":[{"embeddable":true,"href":"https:\/\/vuna.ch\/fr\/wp-json\/wp\/v2\/media\/29"}],"wp:attachment":[{"href":"https:\/\/vuna.ch\/fr\/wp-json\/wp\/v2\/media?parent=28"}],"curies":[{"name":"wp","href":"https:\/\/api.w.org\/{rel}","templated":true}]}}