{"id":22,"date":"2025-02-28T16:28:29","date_gmt":"2025-02-28T15:28:29","guid":{"rendered":"https:\/\/wp.vuna.ch\/?page_id=22"},"modified":"2025-12-11T12:43:32","modified_gmt":"2025-12-11T11:43:32","slug":"abwassersysteme","status":"publish","type":"page","link":"https:\/\/vuna.ch\/fr\/systemes-devacuation-des-eaux-usees\/","title":{"rendered":"Syst\u00e8mes sanitaires"},"content":{"rendered":"","protected":false},"excerpt":{"rendered":"<p>De l'urbain \u00e0 l'alpin. Nous proposons des syst\u00e8mes sanitaires \u00e9volutifs et adapt\u00e9s au site pour votre tiny house, votre chalet de montagne ou le nouveau quartier urbain.<\/p>","protected":false},"author":4,"featured_media":7903,"parent":0,"menu_order":0,"comment_status":"closed","ping_status":"closed","template":"","meta":{"_acf_changed":false,"footnotes":""},"class_list":["post-22","page","type-page","status-publish","has-post-thumbnail","hentry"],"acf":[],"_links":{"self":[{"href":"https:\/\/vuna.ch\/fr\/wp-json\/wp\/v2\/pages\/22","targetHints":{"allow":["GET"]}}],"collection":[{"href":"https:\/\/vuna.ch\/fr\/wp-json\/wp\/v2\/pages"}],"about":[{"href":"https:\/\/vuna.ch\/fr\/wp-json\/wp\/v2\/types\/page"}],"author":[{"embeddable":true,"href":"https:\/\/vuna.ch\/fr\/wp-json\/wp\/v2\/users\/4"}],"replies":[{"embeddable":true,"href":"https:\/\/vuna.ch\/fr\/wp-json\/wp\/v2\/comments?post=22"}],"version-history":[{"count":20,"href":"https:\/\/vuna.ch\/fr\/wp-json\/wp\/v2\/pages\/22\/revisions"}],"predecessor-version":[{"id":8827,"href":"https:\/\/vuna.ch\/fr\/wp-json\/wp\/v2\/pages\/22\/revisions\/8827"}],"wp:featuredmedia":[{"embeddable":true,"href":"https:\/\/vuna.ch\/fr\/wp-json\/wp\/v2\/media\/7903"}],"wp:attachment":[{"href":"https:\/\/vuna.ch\/fr\/wp-json\/wp\/v2\/media?parent=22"}],"curies":[{"name":"wp","href":"https:\/\/api.w.org\/{rel}","templated":true}]}}