{"id":7809,"date":"2025-03-25T11:33:34","date_gmt":"2025-03-25T10:33:34","guid":{"rendered":"https:\/\/vuna.ch\/?post_type=product&#038;p=7809"},"modified":"2026-01-15T16:39:06","modified_gmt":"2026-01-15T15:39:06","slug":"liloo-indoor-trenntoilette","status":"publish","type":"product","link":"https:\/\/vuna.ch\/en\/product\/liloo-indoor-composting-toilet\/","title":{"rendered":"Liloo \u2013 Mobile composting toilet"},"content":{"rendered":"<p><em>NB: The toilet can only be ordered on account. Shipping is charged separately. Please contact us for a quote. Delivery takes approximately 3 weeks.<\/em><\/p>\n<p>The Liloo was developed by Finizio for reliable use in the home, garden, and car. Odor prevention, flexible installation in tight spaces, and long-term functionality play key roles here. Above all, the Liloo features an ingeniously improved urine drainage system compared to conventional composting toilets.<\/p>\n<div id=\"liloo_material_produktion\" class=\"toggle_wrap active_tc\">\n<div class=\"toggle_content invers-color\">\n<p>The entire production of the Liloo stainless steel bowl takes place within an 11 km radius of Eberswalde (GE). The sheets are laser-cut, bent, and welded in three different workshops in Eberswalde. The glued-laminated wood base plate with the milled-in drawer is also CNC-milled in an Eberswalde carpentry shop. Transport between the production facilities is largely handled by e-cargo bike.<\/p>\n<\/div>\n<\/div>\n<p>including PeePot urine diversion system &amp; equipment, 3 free packs of compostable bags (20 l)<\/p>\n<p>Toilet bowl &amp; body: made of stainless steel including PeePot urine drainage 10.4<br \/>\nToilet seat: made of bamboo<br \/>\nConnection (3\/4&quot;): for urine line or urine canister<br \/>\nConnection: for exhaust air, air filter &amp;\/or spreader dispenser<br \/>\nUrine canister: 10 l<br \/>\nSolids container: 10 l; made of plastic; hermetically sealed; Liloo&#039;s drawer base plate guides the container into the optimal position<br \/>\nCleaning kit: tweezers and PeePot sieve for cleaning the PeePot gutter<br \/>\nDocuments: \u201cManual\u201d for installing the Liloo and poster \u201cInstructions for use\u201d to hang up for your guests<\/p>","protected":false},"excerpt":{"rendered":"<p>N.B. Die Toilette kann nur auf Rechnung bestellt werden. Der Versand wird separat berechnet. Bitte kontaktieren Sie uns f\u00fcr eine Offerte. Die Lieferung dauert ca. 3 Wochen. Die Liloo wurde f\u00fcr den zuverl\u00e4ssigen Gebrauch im Haus, Garten und Wagen von Finizio entwickelt. Hier spielen Geruchsvermeidung, flexible Installation auf engem Raum und langfristige Funktionalit\u00e4t entscheidende Rollen. [&hellip;]<\/p>","protected":false},"featured_media":7813,"template":"","meta":{"_acf_changed":false},"product_brand":[],"product_cat":[208],"product_tag":[],"class_list":{"0":"post-7809","1":"product","2":"type-product","3":"status-publish","4":"has-post-thumbnail","6":"product_cat-trockentoiletten","7":"product_shipping_class-custom-more-31-kg","9":"first","10":"instock","11":"taxable","12":"shipping-taxable","13":"purchasable","14":"product-type-simple"},"acf":[],"_links":{"self":[{"href":"https:\/\/vuna.ch\/en\/wp-json\/wp\/v2\/product\/7809","targetHints":{"allow":["GET"]}}],"collection":[{"href":"https:\/\/vuna.ch\/en\/wp-json\/wp\/v2\/product"}],"about":[{"href":"https:\/\/vuna.ch\/en\/wp-json\/wp\/v2\/types\/product"}],"wp:featuredmedia":[{"embeddable":true,"href":"https:\/\/vuna.ch\/en\/wp-json\/wp\/v2\/media\/7813"}],"wp:attachment":[{"href":"https:\/\/vuna.ch\/en\/wp-json\/wp\/v2\/media?parent=7809"}],"wp:term":[{"taxonomy":"product_brand","embeddable":true,"href":"https:\/\/vuna.ch\/en\/wp-json\/wp\/v2\/product_brand?post=7809"},{"taxonomy":"product_cat","embeddable":true,"href":"https:\/\/vuna.ch\/en\/wp-json\/wp\/v2\/product_cat?post=7809"},{"taxonomy":"product_tag","embeddable":true,"href":"https:\/\/vuna.ch\/en\/wp-json\/wp\/v2\/product_tag?post=7809"}],"curies":[{"name":"wp","href":"https:\/\/api.w.org\/{rel}","templated":true}]}}